{"id":1021,"date":"2022-07-15T09:23:22","date_gmt":"2022-07-15T07:23:22","guid":{"rendered":"https:\/\/calagranadella.com\/aktivitaeten\/kajak\/"},"modified":"2024-08-07T10:55:19","modified_gmt":"2024-08-07T08:55:19","slug":"kajak","status":"publish","type":"page","link":"https:\/\/calagranadella.com\/de\/aktivitaeten\/kajak\/","title":{"rendered":"Kajak"},"content":{"rendered":"<p>[vc_row][vc_column]<div id=\"ultimate-heading-113469f36505c1130\" class=\"uvc-heading ult-adjust-bottom-margin ultimate-heading-113469f36505c1130 uvc-9801 \" data-hspacer=\"no_spacer\"  data-halign=\"left\" style=\"text-align:left\"><div class=\"uvc-heading-spacer no_spacer\" style=\"top\"><\/div><div class=\"uvc-main-heading ult-responsive\"  data-ultimate-target='.uvc-heading.ultimate-heading-113469f36505c1130 h2'  data-responsive-json-new='{\"font-size\":\"\",\"line-height\":\"\"}' ><h2 style=\"font-weight:bold;\">Worin besteht der Kajakausflug nach Granadella?<\/h2><\/div><div class=\"uvc-sub-heading ult-responsive\"  data-ultimate-target='.uvc-heading.ultimate-heading-113469f36505c1130 .uvc-sub-heading '  data-responsive-json-new='{\"font-size\":\"\",\"line-height\":\"\"}'  style=\"font-weight:normal;\"><\/p>\n<p style=\"text-align: justify;\"><span style=\"font-weight: 400;\">Der Kajakausflug nach Granadella ist zweifellos eine der beliebtesten Wassersportarten in J\u00e1vea, und das ist auch kein Wunder. Die Bucht von Granadella durch diesen Kajakausflug kennen zu lernen, ist zweifellos der beste Plan, den man machen kann, wenn man die ber\u00fchmte Bucht besuchen m\u00f6chte.<\/span><\/p>\n<p style=\"text-align: justify;\"><span style=\"font-weight: 400;\">Der Ausflug besteht aus dem Einsteigen in das Kajak in der Bucht von Granadella (am Trockendock). Derzeit sind nur einige wenige Betreuer zu den Ausfl\u00fcgen zugelassen, und sie fahren zu unterschiedlichen Zeiten ab, die vom Rathaus festgelegt werden, um eine \u00dcberf\u00fcllung zu vermeiden.<\/span><\/p>\n<p style=\"text-align: justify;\"><span style=\"font-weight: 400;\">Mit dem Kajak paddeln wir etwa 25 Minuten lang zur H\u00f6hle des Seel\u00f6wen (cova del llop mar\u00ed), einer riesigen, tiefen H\u00f6hle, in der das Schnorcheln zweifelsohne eine der besten M\u00f6glichkeiten ist. Nachdem wir eine Weile geschnorchelt haben, steigen wir wieder in das Kajak und fahren zur <\/span><span style=\"font-weight: 400;\">cala en cal\u00f3<\/span><span style=\"font-weight: 400;\">Es handelt sich um eine winzige, wilde und schwer zug\u00e4ngliche Bucht, die nur \u00fcber das Meer und mit dem Kajak oder Paddelsurfing erreicht werden kann, was diese Bucht zu einem magischen Ort zum Schnorcheln macht. Wenn Sie an der Cala en Cal\u00f3 ankommen, werden Sie verstehen, warum dieser Kajakausflug in Granadella zweifellos einer der besten Kajakausfl\u00fcge in der Region ist, denn er ist als die thail\u00e4ndische Bucht der Costa Blanca bekannt.<\/span><\/p>\n<p style=\"text-align: justify;\"><span style=\"font-weight: 400;\">Nachdem wir eine Weile in der Bucht geschnorchelt haben, steigen wir wieder ins Kajak und kehren zum Ausgangspunkt, der Bucht von Granadella, zur\u00fcck, wo Sie nach etwa 2,5 Stunden eine K\u00fcste und idyllische Orte gesehen haben, die Sie nur schwer vergessen werden.<\/span><\/p>\n<p><\/div><\/div>[vc_single_image image=&#8220;1227&#8243; img_size=&#8220;full&#8220; onclick=&#8220;custom_link&#8220; img_link_target=&#8220;_blank&#8220; link=&#8220;https:\/\/marinalia.es\/deporte-y-aventura\/deportes-acuaticos\/excursiones-en-kayak\/613-excursion-kayak-cala-granadella-y-cueva-del-llop-mari.html&#8220;][vc_empty_space height=&#8220;50px&#8220;][\/vc_column][\/vc_row][vc_row][vc_column]<div id=\"ultimate-heading-449169f36505c123e\" class=\"uvc-heading ult-adjust-bottom-margin ultimate-heading-449169f36505c123e uvc-320 \" data-hspacer=\"no_spacer\"  data-halign=\"left\" style=\"text-align:left\"><div class=\"uvc-heading-spacer no_spacer\" style=\"top\"><\/div><div class=\"uvc-main-heading ult-responsive\"  data-ultimate-target='.uvc-heading.ultimate-heading-449169f36505c123e h2'  data-responsive-json-new='{\"font-size\":\"\",\"line-height\":\"\"}' ><h2 style=\"font-weight:bold;\">Kajakfahrt in der Bucht von Granadella mit der Familie<\/h2><\/div><div class=\"uvc-sub-heading ult-responsive\"  data-ultimate-target='.uvc-heading.ultimate-heading-449169f36505c123e .uvc-sub-heading '  data-responsive-json-new='{\"font-size\":\"\",\"line-height\":\"\"}'  style=\"font-weight:normal;\"><\/p>\n<p style=\"text-align: justify;\"><span style=\"font-weight: 400;\">Der Kajakausflug mit der Familie auf die Granadella ist eine der besten Unternehmungen in J\u00e1vea, ein Ausflug, bei dem sowohl Familien als auch Freunde zusammenkommen, um ihn zu unternehmen. Kinder ab 6 Jahren k\u00f6nnen problemlos an dem Ausflug teilnehmen, bei Kindern unter 6 Jahren h\u00e4ngt es von der Gr\u00f6\u00dfe und dem Gewicht des Kindes ab. Aus diesem Grund muss der Betreuer vorher pr\u00fcfen, ob Sie an der Exkursion teilnehmen k\u00f6nnen oder nicht.<\/span><\/p>\n<p><\/div><\/div>[vc_video link=&#8220;https:\/\/www.youtube.com\/watch?v=i2IB11PgYSo&#8220; align=&#8220;center&#8220;][vc_empty_space height=&#8220;50px&#8220;][vc_empty_space height=&#8220;50px&#8220;][\/vc_column][\/vc_row][vc_row][vc_column]<div id=\"ultimate-heading-455869f36505c131c\" class=\"uvc-heading ult-adjust-bottom-margin ultimate-heading-455869f36505c131c uvc-214 \" data-hspacer=\"no_spacer\"  data-halign=\"left\" style=\"text-align:left\"><div class=\"uvc-heading-spacer no_spacer\" style=\"top\"><\/div><div class=\"uvc-main-heading ult-responsive\"  data-ultimate-target='.uvc-heading.ultimate-heading-455869f36505c131c h2'  data-responsive-json-new='{\"font-size\":\"\",\"line-height\":\"\"}' ><h2 style=\"font-weight:bold;\">Wie kann ich die Kajaktour zur Granadella-Bucht buchen?<\/h2><\/div><div class=\"uvc-sub-heading ult-responsive\"  data-ultimate-target='.uvc-heading.ultimate-heading-455869f36505c131c .uvc-sub-heading '  data-responsive-json-new='{\"font-size\":\"\",\"line-height\":\"\"}'  style=\"font-weight:normal;\"><span style=\"font-weight: 400;\">Wenn Sie einen Kajakausflug zur Granadella-Bucht machen m\u00f6chten, k\u00f6nnen Sie \u00fcber diese Website eine Reservierung vornehmen. Wir stellen Ihnen den folgenden Link zur Verf\u00fcgung, damit Sie ihn anklicken und weitere Einzelheiten \u00fcber die Exkursion erfahren und das Unternehmen kontaktieren k\u00f6nnen.<\/span><\/div><\/div>[vc_single_image image=&#8220;1227&#8243; img_size=&#8220;full&#8220; onclick=&#8220;custom_link&#8220; img_link_target=&#8220;_blank&#8220; link=&#8220;https:\/\/marinalia.es\/deporte-y-aventura\/deportes-acuaticos\/excursiones-en-kayak\/613-excursion-kayak-cala-granadella-y-cueva-del-llop-mari.html&#8220;][\/vc_column][\/vc_row][vc_row][vc_column][vc_empty_space height=&#8220;50px&#8220;][\/vc_column][\/vc_row][vc_row][vc_column]<div id=\"ultimate-heading-972769f36505c13cd\" class=\"uvc-heading ult-adjust-bottom-margin ultimate-heading-972769f36505c13cd uvc-9890 \" data-hspacer=\"no_spacer\"  data-halign=\"left\" style=\"text-align:left\"><div class=\"uvc-heading-spacer no_spacer\" style=\"top\"><\/div><div class=\"uvc-main-heading ult-responsive\"  data-ultimate-target='.uvc-heading.ultimate-heading-972769f36505c13cd h2'  data-responsive-json-new='{\"font-size\":\"\",\"line-height\":\"\"}' ><h2 style=\"font-weight:bold;\">Dauer der Kajaktour auf der Granadella<\/h2><\/div><div class=\"uvc-sub-heading ult-responsive\"  data-ultimate-target='.uvc-heading.ultimate-heading-972769f36505c13cd .uvc-sub-heading '  data-responsive-json-new='{\"font-size\":\"\",\"line-height\":\"\"}'  style=\"font-weight:normal;\"><\/p>\n<p style=\"text-align: justify;\"><span style=\"font-weight: 400;\">Die Kajaktour in der Cala Granadella in J\u00e1vea dauert etwa 2 Stunden und 30 Minuten. Diese Dauer h\u00e4ngt jedoch von der Gruppe, dem Zustand des Meeres und anderen Umst\u00e4nden ab, die zum Zeitpunkt des Ausflugs auftreten k\u00f6nnen. Diese Dauer h\u00e4ngt jedoch von der Gruppe, dem Zustand des Meeres und anderen Umst\u00e4nden ab, die zum Zeitpunkt des Ausflugs auftreten k\u00f6nnen.<\/span><\/p>\n<p><\/div><\/div>[vc_empty_space height=&#8220;30px&#8220;][vc_single_image image=&#8220;341&#8243; img_size=&#8220;825&#215;565&#8243; alignment=&#8220;center&#8220;][vc_empty_space height=&#8220;50px&#8220;][\/vc_column][\/vc_row][vc_row][vc_column]<div id=\"ultimate-heading-504969f36505c1471\" class=\"uvc-heading ult-adjust-bottom-margin ultimate-heading-504969f36505c1471 uvc-9989 \" data-hspacer=\"no_spacer\"  data-halign=\"left\" style=\"text-align:left\"><div class=\"uvc-heading-spacer no_spacer\" style=\"top\"><\/div><div class=\"uvc-main-heading ult-responsive\"  data-ultimate-target='.uvc-heading.ultimate-heading-504969f36505c1471 h3'  data-responsive-json-new='{\"font-size\":\"\",\"line-height\":\"\"}' ><h3 style=\"font-weight:bold;\">Was wird f\u00fcr die Exkursion ben\u00f6tigt?<\/h3><\/div><div class=\"uvc-sub-heading ult-responsive\"  data-ultimate-target='.uvc-heading.ultimate-heading-504969f36505c1471 .uvc-sub-heading '  data-responsive-json-new='{\"font-size\":\"\",\"line-height\":\"\"}'  style=\"font-weight:normal;\"><\/p>\n<p style=\"text-align: justify;\"><span style=\"font-weight: 400;\">Obwohl es sich um einen Kajakausflug handelt, bei dem man sich k\u00f6rperlich anstrengen muss, ist es ein Ausflug, den jeder machen kann, ohne in beneidenswerter k\u00f6rperlicher Verfassung sein zu m\u00fcssen. Aber eine gute Mobilit\u00e4t und den Wunsch, eine gute Zeit zu haben.<\/span><\/p>\n<p><\/div><\/div>[vc_empty_space height=&#8220;50px&#8220;]<div id=\"ultimate-heading-962869f36505c150e\" class=\"uvc-heading ult-adjust-bottom-margin ultimate-heading-962869f36505c150e uvc-3029 \" data-hspacer=\"no_spacer\"  data-halign=\"left\" style=\"text-align:left\"><div class=\"uvc-heading-spacer no_spacer\" style=\"top\"><\/div><div class=\"uvc-main-heading ult-responsive\"  data-ultimate-target='.uvc-heading.ultimate-heading-962869f36505c150e h4'  data-responsive-json-new='{\"font-size\":\"\",\"line-height\":\"\"}' ><h4 style=\"font-weight:bold;\">K\u00f6nnen Kinder das tun?<\/h4><\/div><div class=\"uvc-sub-heading ult-responsive\"  data-ultimate-target='.uvc-heading.ultimate-heading-962869f36505c150e .uvc-sub-heading '  data-responsive-json-new='{\"font-size\":\"\",\"line-height\":\"\"}'  style=\"font-weight:normal;\"><span style=\"font-weight: 400;\">Ja, dieser Kajakausflug in der Granadella kann auch von den j\u00fcngsten Familienmitgliedern ohne Probleme unternommen werden. Es wird empfohlen, dass die Kinder \u00fcber 6 Jahre alt sind. Wenn sie jedoch j\u00fcnger sind, wird immer der Betreuer beurteilen, ob das Kind an dem Ausflug teilnehmen kann.<\/span><\/div><\/div>[vc_single_image image=&#8220;1227&#8243; img_size=&#8220;full&#8220; onclick=&#8220;custom_link&#8220; img_link_target=&#8220;_blank&#8220; link=&#8220;https:\/\/marinalia.es\/deporte-y-aventura\/deportes-acuaticos\/excursiones-en-kayak\/613-excursion-kayak-cala-granadella-y-cueva-del-llop-mari.html&#8220;]<div id=\"ultimate-heading-559269f36505c15a8\" class=\"uvc-heading ult-adjust-bottom-margin ultimate-heading-559269f36505c15a8 uvc-5905 \" data-hspacer=\"no_spacer\"  data-halign=\"left\" style=\"text-align:left\"><div class=\"uvc-heading-spacer no_spacer\" style=\"top\"><\/div><div class=\"uvc-main-heading ult-responsive\"  data-ultimate-target='.uvc-heading.ultimate-heading-559269f36505c15a8 h3'  data-responsive-json-new='{\"font-size\":\"\",\"line-height\":\"\"}' ><h3 style=\"font-weight:bold;\">Die beste Art, die Bucht von Granadella kennenzulernen: mit dem Kajak<\/h3><\/div><div class=\"uvc-sub-heading ult-responsive\"  data-ultimate-target='.uvc-heading.ultimate-heading-559269f36505c15a8 .uvc-sub-heading '  data-responsive-json-new='{\"font-size\":\"\",\"line-height\":\"\"}'  style=\"font-weight:normal;\"><span style=\"font-weight: 400;\">Die beste Art und Weise, die echte Bucht von Granadella kennen zu lernen, ist zweifelsohne das Kajak.. Da das Rathaus nun den Verleih von Kajaks in der Bucht von Granadella verboten hat, ist die einzige M\u00f6glichkeit, ein Kajak in Granadella mitzunehmen, ein Kajakausflug von Granadella aus.<\/span><\/div><\/div>[vc_empty_space][\/vc_column][\/vc_row][vc_row][vc_column]<div id=\"ultimate-heading-319469f36505c163c\" class=\"uvc-heading ult-adjust-bottom-margin ultimate-heading-319469f36505c163c uvc-9676 \" data-hspacer=\"no_spacer\"  data-halign=\"center\" style=\"text-align:center\"><div class=\"uvc-heading-spacer no_spacer\" style=\"top\"><\/div><div class=\"uvc-main-heading ult-responsive\"  data-ultimate-target='.uvc-heading.ultimate-heading-319469f36505c163c h3'  data-responsive-json-new='{\"font-size\":\"\",\"line-height\":\"\"}' ><h3 style=\"font-weight:normal;\">Andere Aktivit\u00e4ten in Granadella Cove<\/h3><\/div><\/div>[\/vc_column][\/vc_row][vc_row][vc_column width=&#8220;1\/3&#8243;][vc_single_image image=&#8220;661&#8243; img_size=&#8220;full&#8220; alignment=&#8220;center&#8220; onclick=&#8220;custom_link&#8220; link=&#8220;https:\/\/marinalia.es\/deporte-y-aventura\/excursiones-en-el-mar\/excursiones-en-barco\/639-excursion-barco-javea-a-los-3-cabos.html&#8220;][vc_single_image image=&#8220;659&#8243; img_size=&#8220;full&#8220; alignment=&#8220;center&#8220; onclick=&#8220;custom_link&#8220; link=&#8220;https:\/\/marinalia.es\/deporte-y-aventura\/deportes-acuaticos\/518-alquiler-de-paddle-surf-en-javea.html&#8220;][\/vc_column][vc_column width=&#8220;1\/3&#8243;][vc_single_image image=&#8220;655&#8243; img_size=&#8220;full&#8220; alignment=&#8220;center&#8220; onclick=&#8220;custom_link&#8220; link=&#8220;https:\/\/marinalia.es\/deporte-y-aventura\/excursiones-en-el-mar\/atardecer-barco\/647-puesta-de-sol-barco-javea.html&#8220;][vc_single_image image=&#8220;667&#8243; img_size=&#8220;full&#8220; alignment=&#8220;center&#8220; onclick=&#8220;custom_link&#8220; link=&#8220;https:\/\/marinalia.es\/deporte-y-aventura\/deportes-acuaticos\/buceo-y-snorkel\/14-excursion-en-barco-al-cabo-la-nao-y-snorkeling.html&#8220;][\/vc_column][vc_column width=&#8220;1\/3&#8243;][vc_single_image image=&#8220;656&#8243; img_size=&#8220;full&#8220; alignment=&#8220;center&#8220; onclick=&#8220;custom_link&#8220; link=&#8220;https:\/\/marinalia.es\/deporte-y-aventura\/deportes-acuaticos\/buceo-y-snorkel\/640-paseo-catamaran-javea.html&#8220;][vc_single_image image=&#8220;654&#8243; img_size=&#8220;full&#8220; alignment=&#8220;center&#8220; onclick=&#8220;custom_link&#8220; link=&#8220;https:\/\/marinalia.es\/deporte-y-aventura\/excursiones-en-el-mar\/excursiones-en-kayak\/1144-excursion-kayak-cala-tango-javea.html&#8220;][\/vc_column][\/vc_row][vc_row el_id=&#8220;texto-seo-2&#8243; el_class=&#8220;texto-seo&#8220;][vc_column][vc_empty_space][vc_column_text]<\/p>\n<h2 style=\"text-align: center;\">Kajakfahren in Granadella<\/h2>\n<p>&nbsp;<\/p>\n<p>Sind Sie auf der Suche nach einer spannenden und abwechslungsreichen Aktivit\u00e4t f\u00fcr Ihren n\u00e4chsten Urlaub an der Costa Blanca? Dann sollten Sie sich die Gelegenheit nicht entgehen lassen, auf Granadella, einem der sch\u00f6nsten Str\u00e4nde von J\u00e1vea, Kajak zu fahren. In diesem Artikel erfahren Sie alles, was Sie \u00fcber diese aufregende Aktivit\u00e4t wissen m\u00fcssen und wie Sie sie in der Granadella-Bucht am besten nutzen k\u00f6nnen.<\/p>\n<h2>Warum Kajakfahren auf der Granadella?<\/h2>\n<p>Cala Granadella ist einer der sch\u00f6nsten Orte an der Costa Blanca und eignet sich perfekt, um ihn mit dem Kajak zu erkunden. Die nat\u00fcrliche Sch\u00f6nheit der Gegend mit ihren steilen Klippen, kristallklarem Wasser und versteckten H\u00f6hlen wird Ihnen den Atem rauben. Au\u00dferdem kommt man mit dem Kajak n\u00e4her an Orte heran, die man zu Fu\u00df oder mit dem Boot nicht erreichen kann, was es f\u00fcr Abenteurer, die neue und aufregende Orte entdecken wollen, perfekt macht.<\/p>\n<h2>Wie kann man in Granadella ein Kajak mieten?<\/h2>\n<p>Derzeit gibt es in der Granadella-Bucht keine Unternehmen, die Kajakverleih und Ausr\u00fcstungsverleih anbieten.<\/p>\n<h2>Was braucht man zum Kajakfahren auf der Granadella?<\/h2>\n<p>Um auf der Granadella Kajak zu fahren, ben\u00f6tigen Sie ein Kajak, ein Paddel, eine Schwimmweste und einen Trockensack, in dem Sie Ihre pers\u00f6nlichen Sachen verstauen k\u00f6nnen. Achten Sie darauf, dass Sie f\u00fcr die Aktivit\u00e4t geeignete Kleidung tragen, z. B. einen Badeanzug, ein kurz\u00e4rmeliges T-Shirt und Sandalen.<\/p>\n<p>Es ist auch wichtig, Wasser und Sonnenschutzmittel mitzubringen, um sich vor der Sonne zu sch\u00fctzen und ausreichend zu trinken. Denken Sie daran, dass Sie mehrere Stunden lang der Sonne ausgesetzt sein werden, daher ist es wichtig, Vorsichtsma\u00dfnahmen zu treffen, um einen Sonnenbrand zu vermeiden.<\/p>\n<h2>Wie ist das Kajakfahren in Granadella zu erleben?<\/h2>\n<p>Die Erfahrung des Kajakfahrens in der Granadella ist aufregend und einzigartig. Die nat\u00fcrliche Sch\u00f6nheit der Gegend wird Sie sprachlos machen, w\u00e4hrend der Nervenkitzel beim Paddeln durch das kristallklare Wasser des Mittelmeers Sie st\u00e4ndig in Bewegung halten wird.<\/p>\n<p>Sie k\u00f6nnen entlang der K\u00fcste paddeln und die versteckten H\u00f6hlen und beeindruckenden Klippen erkunden. Sie k\u00f6nnen auch an den kleineren Str\u00e4nden anhalten und ein erfrischendes Bad im kristallklaren Wasser nehmen.<\/p>\n<h2>Tipps zum Kajakfahren auf der Granadella<\/h2>\n<ul>\n<li>Vor allem in den Sommermonaten sollten Sie unbedingt im Voraus buchen.<\/li>\n<li>Kleiden Sie sich der Aktivit\u00e4t entsprechend, z. B. mit Badeanzug, kurz\u00e4rmeligem T-Shirt und Sandalen.<\/li>\n<li>Bringen Sie Wasser und Sonnenschutzmittel mit, damit Sie ausreichend Fl\u00fcssigkeit zu sich nehmen und vor der Sonne gesch\u00fctzt sind.<\/li>\n<li>Befolgen Sie die Anweisungen des Sicherheitsf\u00fchrers und respektieren Sie die Regeln des Strandes.<\/li>\n<\/ul>\n<h2>Wie man nach Granadella zum Kajakfahren kommt<\/h2>\n<p>La Granadella ist am besten mit dem Auto zu erreichen, da es weit vom Zentrum von J\u00e1vea entfernt ist. Dort finden Sie einen kostenlosen Parkplatz direkt am Eingang der Bucht. Dort finden Sie einen kostenlosen Parkplatz direkt am Eingang der Bucht.<\/p>\n<h3>Welche Ausr\u00fcstung braucht man zum Kajakfahren in Granadella?<\/h3>\n<p>Welche Ausr\u00fcstung braucht man zum Kajakfahren in Granadella? Die gesamte Ausr\u00fcstung kann am Strand von Granadella ausgeliehen werden. Dort gibt es mehrere Unternehmen, die Kajaks verleihen und gef\u00fchrte Ausfl\u00fcge anbieten.<\/p>\n<p>Es ist wichtig, dass Sie ein Kajak w\u00e4hlen, das f\u00fcr Ihren Erfahrungsstand geeignet ist und in dem Sie sich wohl f\u00fchlen, wenn Sie paddeln. Wenn Sie zum ersten Mal Kajak fahren, empfehlen wir Ihnen, sich f\u00fcr ein Doppelkajak zu entscheiden, das stabiler und einfacher zu handhaben ist als ein Einzelkajak.<\/p>\n<h2>Die besten Routen zum Kajakfahren in Granadella<\/h2>\n<p>La Granadella ist eine kleine, aber sch\u00f6ne Bucht. Mit dem Kajak k\u00f6nnen Sie die Insel auf eine andere Art und Weise erkunden und einige ihrer eindrucksvollsten Ecken entdecken. Hier finden Sie einige der beliebtesten Kajakrouten in Granadella:<\/p>\n<p><strong>Route Cova del Llop Mar\u00ed<\/strong>: Diese Route ist ideal f\u00fcr Natur- und Felsenliebhaber. Hier kann man entlang der K\u00fcste bis zur H\u00f6hle Llop Mar\u00ed gehen, einer beeindruckenden Meeresgrotte mit kristallklarem Wasser und einem bogenf\u00f6rmigen Eingang. Diese Route ist f\u00fcr alle Schwierigkeitsgrade geeignet und dauert etwa 1 Stunde.<\/p>\n<p><strong>Cova del Nao-Route<\/strong>: Wenn Sie eine l\u00e4ngere und anspruchsvollere Route suchen, sind Sie hier genau richtig. Die Cova del Nao ist eine gro\u00dfe, schwer zug\u00e4ngliche H\u00f6hle in einem felsigen Gebiet. Um ihn mit dem Kajak zu erreichen, m\u00fcssen Sie mehrere Kilometer entlang der K\u00fcste zur\u00fccklegen und dabei einige Bereiche mit starken Str\u00f6mungen und Wellen \u00fcberwinden.[\/vc_column_text][\/vc_column][\/vc_row]<\/p>\n\n<div style=\"font-size: 0px; height: 0px; line-height: 0px; margin: 0; padding: 0; clear: both;\"><\/div>","protected":false},"excerpt":{"rendered":"<p>[vc_row][vc_column][vc_single_image image=&#8220;1227&#8243; img_size=&#8220;full&#8220; onclick=&#8220;custom_link&#8220; img_link_target=&#8220;_blank&#8220; link=&#8220;https:\/\/marinalia.es\/deporte-y-aventura\/deportes-acuaticos\/excursiones-en-kayak\/613-excursion-kayak-cala-granadella-y-cueva-del-llop-mari.html&#8220;][vc_empty_space height=&#8220;50px&#8220;][\/vc_column][\/vc_row][vc_row][vc_column][vc_video link=&#8220;https:\/\/www.youtube.com\/watch?v=i2IB11PgYSo&#8220; align=&#8220;center&#8220;][vc_empty_space height=&#8220;50px&#8220;][vc_empty_space height=&#8220;50px&#8220;][\/vc_column][\/vc_row][vc_row][vc_column][vc_single_image image=&#8220;1227&#8243; img_size=&#8220;full&#8220; onclick=&#8220;custom_link&#8220; img_link_target=&#8220;_blank&#8220; link=&#8220;https:\/\/marinalia.es\/deporte-y-aventura\/deportes-acuaticos\/excursiones-en-kayak\/613-excursion-kayak-cala-granadella-y-cueva-del-llop-mari.html&#8220;][\/vc_column][\/vc_row][vc_row][vc_column][vc_empty_space height=&#8220;50px&#8220;][\/vc_column][\/vc_row][vc_row][vc_column][vc_empty_space height=&#8220;30px&#8220;][vc_single_image image=&#8220;341&#8243; img_size=&#8220;825&#215;565&#8243; alignment=&#8220;center&#8220;][vc_empty_space height=&#8220;50px&#8220;][\/vc_column][\/vc_row][vc_row][vc_column][vc_empty_space height=&#8220;50px&#8220;][vc_single_image image=&#8220;1227&#8243; img_size=&#8220;full&#8220; onclick=&#8220;custom_link&#8220; img_link_target=&#8220;_blank&#8220; link=&#8220;https:\/\/marinalia.es\/deporte-y-aventura\/deportes-acuaticos\/excursiones-en-kayak\/613-excursion-kayak-cala-granadella-y-cueva-del-llop-mari.html&#8220;][vc_empty_space][\/vc_column][\/vc_row][vc_row][vc_column][\/vc_column][\/vc_row][vc_row][vc_column width=&#8220;1\/3&#8243;][vc_single_image image=&#8220;661&#8243; img_size=&#8220;full&#8220; alignment=&#8220;center&#8220; onclick=&#8220;custom_link&#8220; link=&#8220;https:\/\/marinalia.es\/deporte-y-aventura\/excursiones-en-el-mar\/excursiones-en-barco\/639-excursion-barco-javea-a-los-3-cabos.html&#8220;][vc_single_image image=&#8220;659&#8243; img_size=&#8220;full&#8220; alignment=&#8220;center&#8220; onclick=&#8220;custom_link&#8220; link=&#8220;https:\/\/marinalia.es\/deporte-y-aventura\/deportes-acuaticos\/518-alquiler-de-paddle-surf-en-javea.html&#8220;][\/vc_column][vc_column width=&#8220;1\/3&#8243;][vc_single_image image=&#8220;655&#8243; img_size=&#8220;full&#8220; alignment=&#8220;center&#8220; onclick=&#8220;custom_link&#8220; link=&#8220;https:\/\/marinalia.es\/deporte-y-aventura\/excursiones-en-el-mar\/atardecer-barco\/647-puesta-de-sol-barco-javea.html&#8220;][vc_single_image image=&#8220;667&#8243; img_size=&#8220;full&#8220; alignment=&#8220;center&#8220; onclick=&#8220;custom_link&#8220; link=&#8220;https:\/\/marinalia.es\/deporte-y-aventura\/deportes-acuaticos\/buceo-y-snorkel\/14-excursion-en-barco-al-cabo-la-nao-y-snorkeling.html&#8220;][\/vc_column][vc_column width=&#8220;1\/3&#8243;][vc_single_image image=&#8220;656&#8243; img_size=&#8220;full&#8220; alignment=&#8220;center&#8220; onclick=&#8220;custom_link&#8220;&hellip;<\/p>\n","protected":false},"author":1,"featured_media":0,"parent":1019,"menu_order":0,"comment_status":"closed","ping_status":"closed","template":"","meta":{"_joinchat":[],"footnotes":""},"class_list":["post-1021","page","type-page","status-publish","hentry","description-off"],"_links":{"self":[{"href":"https:\/\/calagranadella.com\/de\/wp-json\/wp\/v2\/pages\/1021","targetHints":{"allow":["GET"]}}],"collection":[{"href":"https:\/\/calagranadella.com\/de\/wp-json\/wp\/v2\/pages"}],"about":[{"href":"https:\/\/calagranadella.com\/de\/wp-json\/wp\/v2\/types\/page"}],"author":[{"embeddable":true,"href":"https:\/\/calagranadella.com\/de\/wp-json\/wp\/v2\/users\/1"}],"replies":[{"embeddable":true,"href":"https:\/\/calagranadella.com\/de\/wp-json\/wp\/v2\/comments?post=1021"}],"version-history":[{"count":3,"href":"https:\/\/calagranadella.com\/de\/wp-json\/wp\/v2\/pages\/1021\/revisions"}],"predecessor-version":[{"id":1232,"href":"https:\/\/calagranadella.com\/de\/wp-json\/wp\/v2\/pages\/1021\/revisions\/1232"}],"up":[{"embeddable":true,"href":"https:\/\/calagranadella.com\/de\/wp-json\/wp\/v2\/pages\/1019"}],"wp:attachment":[{"href":"https:\/\/calagranadella.com\/de\/wp-json\/wp\/v2\/media?parent=1021"}],"curies":[{"name":"wp","href":"https:\/\/api.w.org\/{rel}","templated":true}]}}