{"id":1024,"date":"2022-07-28T12:06:55","date_gmt":"2022-07-28T10:06:55","guid":{"rendered":"https:\/\/calagranadella.com\/aktivitaeten\/paddelsurfen\/"},"modified":"2024-08-07T17:24:41","modified_gmt":"2024-08-07T15:24:41","slug":"paddelsurfen","status":"publish","type":"page","link":"https:\/\/calagranadella.com\/de\/aktivitaeten\/paddelsurfen\/","title":{"rendered":"Paddelsurfen"},"content":{"rendered":"<p>[vc_row][vc_column]<div id=\"ultimate-heading-180369ee7805541d9\" class=\"uvc-heading ult-adjust-bottom-margin ultimate-heading-180369ee7805541d9 uvc-9543 \" data-hspacer=\"no_spacer\"  data-halign=\"left\" style=\"text-align:left\"><div class=\"uvc-heading-spacer no_spacer\" style=\"top\"><\/div><div class=\"uvc-main-heading ult-responsive\"  data-ultimate-target='.uvc-heading.ultimate-heading-180369ee7805541d9 h2'  data-responsive-json-new='{\"font-size\":\"\",\"line-height\":\"\"}' ><h2 style=\"font-weight:normal;\">Was beinhaltet der Ausflug zum Paddelsurfen in Granadella?<\/h2><\/div><div class=\"uvc-sub-heading ult-responsive\"  data-ultimate-target='.uvc-heading.ultimate-heading-180369ee7805541d9 .uvc-sub-heading '  data-responsive-json-new='{\"font-size\":\"\",\"line-height\":\"\"}'  style=\"font-weight:normal;\"><\/p>\n<p style=\"text-align: justify;\"><span style=\"font-weight: 400;\">Der Paddle-Surfing-Ausflug von Granadella aus ist ein lustiger Ausflug, den Sie mit Ihrer Familie oder Ihren Freunden unternehmen k\u00f6nnen. Der Ausflug beginnt direkt an der Bucht von Granadella. Der Lehrer erkl\u00e4rt Ihnen alles, was Sie wissen m\u00fcssen, damit Sie direkt auf das Paddelbrett steigen k\u00f6nnen und wissen, was zu tun ist. Das Paddelsurfen als solches ist sehr einfach, die einzige Komplexit\u00e4t ist das Gleichgewicht, d.h. es kommt darauf an, das Gleichgewicht zu halten, denn nur so kann man sich vor St\u00fcrzen sch\u00fctzen. Aber es stimmt auch, dass das Hinfallen eine Menge Spa\u00df macht und f\u00fcr Lacher sorgt.<\/span><\/p>\n<p style=\"text-align: justify;\"><span style=\"font-weight: 400;\">Nach dem Training steigen wir auf das Paddle-Surfbrett und werden von unserem Lehrer zur Bucht von Cal\u00f3 gef\u00fchrt. Diese Bucht ist nur auf dem Seeweg erreichbar (was sie noch besonderer macht), da nur wenige Menschen Zugang zu ihr haben. Es gibt keine Menschenmassen, es gibt keine Menschen in der Bucht, die sich sonnen, nur Besucher, die mit dem Kajak oder Paddelsurfbrettern kommen, und die Wahrheit ist, dass diese Bucht erstaunlich ist. Das balinesische Paradies ist nicht zu beneiden. <\/span><\/p>\n<p style=\"text-align: justify;\"><span style=\"font-weight: 400;\">Nach der Besichtigung der Bucht von Cal\u00f3 besuchen wir mit dem Paddle Surf Board die Cova del llop mar\u00ed, eine wundersch\u00f6ne tiefe H\u00f6hle, in der man unbedingt schnorcheln sollte. Nachdem wir die beiden sch\u00f6nen Bereiche der Granadella-Bucht besichtigt haben, kehren wir mit dem Paddle-Surfbrett an den Ursprungsort, die Granadella-Bucht, zur\u00fcck.<\/span><\/p>\n<p><\/div><\/div>[vc_empty_space height=&#8220;50px&#8220;][vc_single_image image=&#8220;349&#8243; img_size=&#8220;full&#8220;][\/vc_column][\/vc_row][vc_row][vc_column]<div id=\"ultimate-heading-393169ee780554269\" class=\"uvc-heading ult-adjust-bottom-margin ultimate-heading-393169ee780554269 uvc-1198 \" data-hspacer=\"no_spacer\"  data-halign=\"left\" style=\"text-align:left\"><div class=\"uvc-heading-spacer no_spacer\" style=\"top\"><\/div><div class=\"uvc-main-heading ult-responsive\"  data-ultimate-target='.uvc-heading.ultimate-heading-393169ee780554269 h2'  data-responsive-json-new='{\"font-size\":\"\",\"line-height\":\"\"}' ><h2 style=\"font-weight:normal;\">Paddle-Surfing-Route in der Bucht von Granadella mit der Familie<\/h2><\/div><div class=\"uvc-sub-heading ult-responsive\"  data-ultimate-target='.uvc-heading.ultimate-heading-393169ee780554269 .uvc-sub-heading '  data-responsive-json-new='{\"font-size\":\"\",\"line-height\":\"\"}'  style=\"font-weight:normal;\"><\/p>\n<p style=\"text-align: justify;\"><span style=\"font-weight: 400;\">Das Paddelsurfen oder der Stand Up Paddle-Ausflug ist zweifellos eine der sch\u00f6nsten Aktivit\u00e4ten, die Sie mit Ihrer Familie unternehmen k\u00f6nnen. Es handelt sich um einen ruhigen Ausflug auf den Brettern, bei dem Sie die Umgebung von Cala Granadella, Cala en Cal\u00f3 und die Cova del Llop Mar\u00ed bewundern und entdecken k\u00f6nnen, eines der Gebiete, die als die H\u00f6hlen von J\u00e1vea bekannt sind und von allen, die sie besuchen, bewundert werden.<\/span><\/p>\n<p style=\"text-align: justify;\"><span style=\"font-weight: 400;\">Es wird empfohlen, den Ausflug mit Kindern ab 6 Jahren zu unternehmen, damit sie aufrecht auf dem Brett stehen und die Aktivit\u00e4t in vollen Z\u00fcgen genie\u00dfen k\u00f6nnen.<\/span><\/p>\n<p><\/div><\/div>[vc_video link=&#8220;https:\/\/www.youtube.com\/watch?v=xwKACnPb9Ms&#8220; align=&#8220;center&#8220;]<div id=\"ultimate-heading-807069ee7805542d1\" class=\"uvc-heading ult-adjust-bottom-margin ultimate-heading-807069ee7805542d1 uvc-3426 \" data-hspacer=\"no_spacer\"  data-halign=\"left\" style=\"text-align:left\"><div class=\"uvc-heading-spacer no_spacer\" style=\"top\"><\/div><div class=\"uvc-main-heading ult-responsive\"  data-ultimate-target='.uvc-heading.ultimate-heading-807069ee7805542d1 h2'  data-responsive-json-new='{\"font-size\":\"\",\"line-height\":\"\"}' ><h2 style=\"font-weight:normal;\">Wie kann ich die Paddeltour zur Granadella-Bucht buchen?<\/h2><\/div><div class=\"uvc-sub-heading ult-responsive\"  data-ultimate-target='.uvc-heading.ultimate-heading-807069ee7805542d1 .uvc-sub-heading '  data-responsive-json-new='{\"font-size\":\"\",\"line-height\":\"\"}'  style=\"font-weight:normal;\"><\/p>\n<p style=\"text-align: justify;\"><span style=\"font-weight: 400;\">Wenn Sie einen Paddle-Surf-Ausflug entlang der K\u00fcste von J\u00e1vea genie\u00dfen m\u00f6chten, ist es am besten, wenn Sie \u00fcber den unten stehenden Link eine Reservierung vornehmen. Sie werden auch alle Details des Ausflugs sowie die Verf\u00fcgbarkeit sehen.<\/span><\/p>\n<p><\/div><\/div>[vc_single_image image=&#8220;1258&#8243; img_size=&#8220;full&#8220; alignment=&#8220;center&#8220; onclick=&#8220;custom_link&#8220; img_link_target=&#8220;_blank&#8220; link=&#8220;https:\/\/marinalia.es\/deporte-y-aventura\/deportes-acuaticos\/518-alquiler-de-paddle-surf-en-javea.html&#8220;]<div id=\"ultimate-heading-449069ee780554330\" class=\"uvc-heading ult-adjust-bottom-margin ultimate-heading-449069ee780554330 uvc-1986 \" data-hspacer=\"no_spacer\"  data-halign=\"left\" style=\"text-align:left\"><div class=\"uvc-heading-spacer no_spacer\" style=\"top\"><\/div><div class=\"uvc-main-heading ult-responsive\"  data-ultimate-target='.uvc-heading.ultimate-heading-449069ee780554330 h2'  data-responsive-json-new='{\"font-size\":\"\",\"line-height\":\"\"}' ><h2 style=\"font-weight:normal;\">Dauer des Paddle-Surfing-Ausflugs in der Bucht von Granadella<\/h2><\/div><div class=\"uvc-sub-heading ult-responsive\"  data-ultimate-target='.uvc-heading.ultimate-heading-449069ee780554330 .uvc-sub-heading '  data-responsive-json-new='{\"font-size\":\"\",\"line-height\":\"\"}'  style=\"font-weight:normal;\"><span style=\"font-weight: 400;\">Der Ausflug zum Paddelsurfen dauert etwa 2 Stunden. W\u00e4hrend dieser paar Stunden werden Sie die Erfahrung genie\u00dfen, auf dem Paddle Surf Board zu stehen und die wunderbare Umgebung von Granadella zu entdecken.<\/span><\/div><\/div>[\/vc_column][\/vc_row][vc_row][vc_column][vc_empty_space height=&#8220;50px&#8220;][\/vc_column][\/vc_row][vc_row][vc_column]<div id=\"ultimate-heading-437169ee78055438b\" class=\"uvc-heading ult-adjust-bottom-margin ultimate-heading-437169ee78055438b uvc-2005 \" data-hspacer=\"no_spacer\"  data-halign=\"left\" style=\"text-align:left\"><div class=\"uvc-heading-spacer no_spacer\" style=\"top\"><\/div><div class=\"uvc-main-heading ult-responsive\"  data-ultimate-target='.uvc-heading.ultimate-heading-437169ee78055438b h3'  data-responsive-json-new='{\"font-size\":\"\",\"line-height\":\"\"}' ><h3 style=\"font-weight:normal;\">Was wird f\u00fcr die Exkursion ben\u00f6tigt?<\/h3><\/div><div class=\"uvc-sub-heading ult-responsive\"  data-ultimate-target='.uvc-heading.ultimate-heading-437169ee78055438b .uvc-sub-heading '  data-responsive-json-new='{\"font-size\":\"\",\"line-height\":\"\"}'  style=\"font-weight:normal;\"><\/p>\n<p style=\"text-align: justify;\"><span style=\"font-weight: 400;\">Das Wichtigste ist, dass Sie in der Stimmung sind, sich zu am\u00fcsieren! Wenn Sie diese Einstellung bereits haben, denken Sie einfach daran, dass Sie f\u00fcr den Paddle-Surfing-Ausflug einen Bikini\/Badeanzug, Sonnencreme und F\u00fc\u00dflinge\/Kurbeln mitbringen m\u00fcssen. Das alles reicht aus, um diesen Ausflug zu genie\u00dfen.<\/span><\/p>\n<p><\/div><\/div>[vc_single_image image=&#8220;1258&#8243; img_size=&#8220;full&#8220; alignment=&#8220;center&#8220; onclick=&#8220;custom_link&#8220; img_link_target=&#8220;_blank&#8220; link=&#8220;https:\/\/marinalia.es\/deporte-y-aventura\/deportes-acuaticos\/518-alquiler-de-paddle-surf-en-javea.html&#8220;]<div id=\"ultimate-heading-460269ee780554400\" class=\"uvc-heading ult-adjust-bottom-margin ultimate-heading-460269ee780554400 uvc-9484 \" data-hspacer=\"no_spacer\"  data-halign=\"left\" style=\"text-align:left\"><div class=\"uvc-heading-spacer no_spacer\" style=\"top\"><\/div><div class=\"uvc-main-heading ult-responsive\"  data-ultimate-target='.uvc-heading.ultimate-heading-460269ee780554400 h3'  data-responsive-json-new='{\"font-size\":\"\",\"line-height\":\"\"}' ><h3 style=\"font-weight:normal;\">K\u00f6nnen Kinder das tun?<\/h3><\/div><div class=\"uvc-sub-heading ult-responsive\"  data-ultimate-target='.uvc-heading.ultimate-heading-460269ee780554400 .uvc-sub-heading '  data-responsive-json-new='{\"font-size\":\"\",\"line-height\":\"\"}'  style=\"font-weight:normal;\"><\/p>\n<p style=\"text-align: justify;\"><span style=\"font-weight: 400;\">Ja, nat\u00fcrlich! Die Paddel-Surfbretter sind f\u00fcr alle Altersgruppen geeignet, so dass auch die j\u00fcngsten Familienmitglieder diesen Ausflug mit der Familie problemlos genie\u00dfen k\u00f6nnen.<\/span><\/p>\n<p><\/div><\/div>[\/vc_column][\/vc_row][vc_row][vc_column][vc_empty_space height=&#8220;50px&#8220;]<div id=\"ultimate-heading-255669ee78055445b\" class=\"uvc-heading ult-adjust-bottom-margin ultimate-heading-255669ee78055445b uvc-203 \" data-hspacer=\"no_spacer\"  data-halign=\"left\" style=\"text-align:left\"><div class=\"uvc-heading-spacer no_spacer\" style=\"top\"><\/div><div class=\"uvc-main-heading ult-responsive\"  data-ultimate-target='.uvc-heading.ultimate-heading-255669ee78055445b h2'  data-responsive-json-new='{\"font-size\":\"\",\"line-height\":\"\"}' ><h2 style=\"font-weight:normal;\">Die beste Art, die Bucht von Granadella kennenzulernen: Paddelsurfen<\/h2><\/div><div class=\"uvc-sub-heading ult-responsive\"  data-ultimate-target='.uvc-heading.ultimate-heading-255669ee78055445b .uvc-sub-heading '  data-responsive-json-new='{\"font-size\":\"\",\"line-height\":\"\"}'  style=\"font-weight:normal;\"><\/p>\n<p style=\"text-align: justify;\"><span style=\"font-weight: 400;\">Eine der besten M\u00f6glichkeiten, Cala Granadella und die umliegende K\u00fcste kennen zu lernen, ist zweifellos das Paddle Surf Board. Ein einzigartiges Erlebnis in einer idyllischen Umgebung Kommen Sie und probieren Sie den Paddle Surf Trip von Granadella aus!<\/span><\/p>\n<p><\/div><\/div>[vc_single_image image=&#8220;1258&#8243; img_size=&#8220;full&#8220; alignment=&#8220;center&#8220; onclick=&#8220;custom_link&#8220; img_link_target=&#8220;_blank&#8220; link=&#8220;https:\/\/marinalia.es\/deporte-y-aventura\/deportes-acuaticos\/518-alquiler-de-paddle-surf-en-javea.html&#8220;][\/vc_column][\/vc_row][vc_row][vc_column]<div id=\"ultimate-heading-671369ee7805544b1\" class=\"uvc-heading ult-adjust-bottom-margin ultimate-heading-671369ee7805544b1 uvc-710 \" data-hspacer=\"no_spacer\"  data-halign=\"center\" style=\"text-align:center\"><div class=\"uvc-heading-spacer no_spacer\" style=\"top\"><\/div><div class=\"uvc-main-heading ult-responsive\"  data-ultimate-target='.uvc-heading.ultimate-heading-671369ee7805544b1 h3'  data-responsive-json-new='{\"font-size\":\"\",\"line-height\":\"\"}' ><h3 style=\"font-weight:normal;\">Andere Aktivit\u00e4ten in Granadella<\/h3><\/div><\/div>[vc_raw_html]PGRpdiBkYXRhLWd5Zy1ocmVmPSJodHRwczovL3dpZGdldC5nZXR5b3VyZ3VpZGUuY29tL2RlZmF1bHQvYWN0aXZpdGllcy5mcmFtZSIgZGF0YS1neWctbG9jYXRpb24taWQ9IjE4ODcxMyIgZGF0YS1neWctbG9jYWxlLWNvZGU9ImVzLUVTIiBkYXRhLWd5Zy13aWRnZXQ9ImFjdGl2aXRpZXMiIGRhdGEtZ3lnLW51bWJlci1vZi1pdGVtcz0iMyIgZGF0YS1neWctcGFydG5lci1pZD0iVzFRTEc5SyI+PC9kaXY+[\/vc_raw_html][\/vc_column][\/vc_row]<\/p>\n\n<div style=\"font-size: 0px; height: 0px; line-height: 0px; margin: 0; padding: 0; clear: both;\"><\/div>","protected":false},"excerpt":{"rendered":"<p>[vc_row][vc_column][vc_empty_space height=&#8220;50px&#8220;][vc_single_image image=&#8220;349&#8243; img_size=&#8220;full&#8220;][\/vc_column][\/vc_row][vc_row][vc_column][vc_video link=&#8220;https:\/\/www.youtube.com\/watch?v=xwKACnPb9Ms&#8220; align=&#8220;center&#8220;][vc_single_image image=&#8220;1258&#8243; img_size=&#8220;full&#8220; alignment=&#8220;center&#8220; onclick=&#8220;custom_link&#8220; img_link_target=&#8220;_blank&#8220; link=&#8220;https:\/\/marinalia.es\/deporte-y-aventura\/deportes-acuaticos\/518-alquiler-de-paddle-surf-en-javea.html&#8220;][\/vc_column][\/vc_row][vc_row][vc_column][vc_empty_space height=&#8220;50px&#8220;][\/vc_column][\/vc_row][vc_row][vc_column][vc_single_image image=&#8220;1258&#8243; img_size=&#8220;full&#8220; alignment=&#8220;center&#8220; onclick=&#8220;custom_link&#8220; img_link_target=&#8220;_blank&#8220; link=&#8220;https:\/\/marinalia.es\/deporte-y-aventura\/deportes-acuaticos\/518-alquiler-de-paddle-surf-en-javea.html&#8220;][\/vc_column][\/vc_row][vc_row][vc_column][vc_empty_space height=&#8220;50px&#8220;][vc_single_image image=&#8220;1258&#8243; img_size=&#8220;full&#8220; alignment=&#8220;center&#8220; onclick=&#8220;custom_link&#8220; img_link_target=&#8220;_blank&#8220; link=&#8220;https:\/\/marinalia.es\/deporte-y-aventura\/deportes-acuaticos\/518-alquiler-de-paddle-surf-en-javea.html&#8220;][\/vc_column][\/vc_row][vc_row][vc_column][vc_raw_html]PGRpdiBkYXRhLWd5Zy1ocmVmPSJodHRwczovL3dpZGdldC5nZXR5b3VyZ3VpZGUuY29tL2RlZmF1bHQvYWN0aXZpdGllcy5mcmFtZSIgZGF0YS1neWctbG9jYXRpb24taWQ9IjE4ODcxMyIgZGF0YS1neWctbG9jYWxlLWNvZGU9ImVzLUVTIiBkYXRhLWd5Zy13aWRnZXQ9ImFjdGl2aXRpZXMiIGRhdGEtZ3lnLW51bWJlci1vZi1pdGVtcz0iMyIgZGF0YS1neWctcGFydG5lci1pZD0iVzFRTEc5SyI+PC9kaXY+[\/vc_raw_html][\/vc_column][\/vc_row]<\/p>\n","protected":false},"author":1,"featured_media":0,"parent":1019,"menu_order":0,"comment_status":"closed","ping_status":"closed","template":"","meta":{"_joinchat":[],"footnotes":""},"class_list":["post-1024","page","type-page","status-publish","hentry","description-off"],"_links":{"self":[{"href":"https:\/\/calagranadella.com\/de\/wp-json\/wp\/v2\/pages\/1024","targetHints":{"allow":["GET"]}}],"collection":[{"href":"https:\/\/calagranadella.com\/de\/wp-json\/wp\/v2\/pages"}],"about":[{"href":"https:\/\/calagranadella.com\/de\/wp-json\/wp\/v2\/types\/page"}],"author":[{"embeddable":true,"href":"https:\/\/calagranadella.com\/de\/wp-json\/wp\/v2\/users\/1"}],"replies":[{"embeddable":true,"href":"https:\/\/calagranadella.com\/de\/wp-json\/wp\/v2\/comments?post=1024"}],"version-history":[{"count":3,"href":"https:\/\/calagranadella.com\/de\/wp-json\/wp\/v2\/pages\/1024\/revisions"}],"predecessor-version":[{"id":1263,"href":"https:\/\/calagranadella.com\/de\/wp-json\/wp\/v2\/pages\/1024\/revisions\/1263"}],"up":[{"embeddable":true,"href":"https:\/\/calagranadella.com\/de\/wp-json\/wp\/v2\/pages\/1019"}],"wp:attachment":[{"href":"https:\/\/calagranadella.com\/de\/wp-json\/wp\/v2\/media?parent=1024"}],"curies":[{"name":"wp","href":"https:\/\/api.w.org\/{rel}","templated":true}]}}