{"id":1027,"date":"2022-07-15T09:36:22","date_gmt":"2022-07-15T07:36:22","guid":{"rendered":"https:\/\/calagranadella.com\/aktivitaeten\/schnorchel\/"},"modified":"2024-08-07T11:00:47","modified_gmt":"2024-08-07T09:00:47","slug":"schnorchel","status":"publish","type":"page","link":"https:\/\/calagranadella.com\/de\/aktivitaeten\/schnorchel\/","title":{"rendered":"Schnorchel"},"content":{"rendered":"<p>[vc_row][vc_column]<div id=\"ultimate-heading-763269f364574b4e2\" class=\"uvc-heading ult-adjust-bottom-margin ultimate-heading-763269f364574b4e2 uvc-5583 \" data-hspacer=\"no_spacer\"  data-halign=\"left\" style=\"text-align:left\"><div class=\"uvc-heading-spacer no_spacer\" style=\"top\"><\/div><div class=\"uvc-sub-heading ult-responsive\"  data-ultimate-target='.uvc-heading.ultimate-heading-763269f364574b4e2 .uvc-sub-heading '  data-responsive-json-new='{\"font-size\":\"\",\"line-height\":\"\"}'  style=\"font-weight:normal;\"><\/p>\n<p style=\"text-align: justify;\"><span style=\"font-weight: 400;\">Cala Granadella ist zweifellos eines der beliebtesten touristischen Ziele zum Schnorcheln, und das ist kein Zufall, denn das kristallklare Wasser und die wilde K\u00fcste machen diesen Strand in J\u00e1vea zu einem Wallfahrtsort f\u00fcr alle Schnorchelfreunde.<\/span><\/p>\n<p><\/div><\/div>[vc_video link=&#8220;https:\/\/www.youtube.com\/watch?v=4qpLBes7EFM&amp;t=92s&#8220; align=&#8220;center&#8220;][vc_empty_space height=&#8220;50px&#8220;][\/vc_column][\/vc_row][vc_row][vc_column]<div id=\"ultimate-heading-797769f364574b5af\" class=\"uvc-heading ult-adjust-bottom-margin ultimate-heading-797769f364574b5af uvc-2129 \" data-hspacer=\"no_spacer\"  data-halign=\"left\" style=\"text-align:left\"><div class=\"uvc-heading-spacer no_spacer\" style=\"top\"><\/div><div class=\"uvc-main-heading ult-responsive\"  data-ultimate-target='.uvc-heading.ultimate-heading-797769f364574b5af h2'  data-responsive-json-new='{\"font-size\":\"\",\"line-height\":\"\"}' ><h2 style=\"font-weight:normal;\">Wo kann man in der Granadella-Bucht schnorcheln?<\/h2><\/div><div class=\"uvc-sub-heading ult-responsive\"  data-ultimate-target='.uvc-heading.ultimate-heading-797769f364574b5af .uvc-sub-heading '  data-responsive-json-new='{\"font-size\":\"\",\"line-height\":\"\"}'  style=\"font-weight:normal;\"><\/p>\n<p style=\"text-align: justify;\"><span style=\"font-weight: 400;\">Die Wahrheit ist, dass jede Ecke von Cala Granadella zum Schnorcheln geeignet ist, denn nur wenige Meter vom Ufer entfernt k\u00f6nnen Sie mit Taucherbrille und Schnorchel (oder Maske, wenn Sie zur neuen Generation der Schnorchler geh\u00f6ren) eine unendliche Vielfalt an Fischen und Meeresflora bewundern. Es ist eines der Gebiete, das von Berufstauchern am h\u00e4ufigsten besucht wird, und das sagt uns etwas \u00fcber die Art der Unterwasserwelt, die die Bucht von Granadella bietet. Wenn Sie also in Cala Granadella schnorcheln m\u00f6chten, ist die Gegend um die Cala en Cal\u00f3 oder die H\u00f6hle des Seel\u00f6wen die beste Gegend.<\/span><\/p>\n<p style=\"text-align: justify;\"><span style=\"font-weight: 400;\">Die beste M\u00f6glichkeit zum Schnorcheln in paradiesischen Gegenden ist zweifellos eine Kajaktour in der Cala en Cal\u00f3 und der Cova del Llop Mari.<\/span><\/p>\n<p><\/div><\/div>[vc_single_image image=&#8220;1233&#8243; img_size=&#8220;full&#8220; alignment=&#8220;center&#8220; onclick=&#8220;custom_link&#8220; img_link_target=&#8220;_blank&#8220; link=&#8220;https:\/\/marinalia.es\/deporte-y-aventura\/deportes-acuaticos\/buceo-y-snorkel\/998-speed-tour-cala-granadella-javea.html&#8220;][vc_empty_space][\/vc_column][\/vc_row][vc_row][vc_column]<div id=\"ultimate-heading-404069f364574b636\" class=\"uvc-heading ult-adjust-bottom-margin ultimate-heading-404069f364574b636 uvc-660 \" data-hspacer=\"no_spacer\"  data-halign=\"left\" style=\"text-align:left\"><div class=\"uvc-heading-spacer no_spacer\" style=\"top\"><\/div><div class=\"uvc-main-heading ult-responsive\"  data-ultimate-target='.uvc-heading.ultimate-heading-404069f364574b636 h2'  data-responsive-json-new='{\"font-size\":\"\",\"line-height\":\"\"}' ><h2 style=\"font-weight:normal;\">Was brauche ich zum Schnorcheln in Granadella?<\/h2><\/div><div class=\"uvc-sub-heading ult-responsive\"  data-ultimate-target='.uvc-heading.ultimate-heading-404069f364574b636 .uvc-sub-heading '  data-responsive-json-new='{\"font-size\":\"\",\"line-height\":\"\"}'  style=\"font-weight:normal;\"><\/p>\n<p style=\"text-align: justify;\"><span style=\"font-weight: 400;\">Wenn Sie auf eigene Faust zur Granadella-Bucht gehen, um zu schnorcheln, ben\u00f6tigen Sie eine Schnorchelmaske oder eine Maske und eine Schwimmbrille, um das Beste aus Ihrem Schnorchelerlebnis in J\u00e1vea zu machen. Wenn Sie hingegen den Kajak- und Schnorchelausflug in Granadella buchen, brauchen Sie nichts mitzubringen, da der Lehrer Ihnen die gesamte Ausr\u00fcstung zur Verf\u00fcgung stellt.<\/span><\/p>\n<p><\/div><\/div>[\/vc_column][\/vc_row][vc_row][vc_column][vc_empty_space height=&#8220;50px&#8220;]<div id=\"ultimate-heading-604969f364574b6b0\" class=\"uvc-heading ult-adjust-bottom-margin ultimate-heading-604969f364574b6b0 uvc-3155 \" data-hspacer=\"no_spacer\"  data-halign=\"left\" style=\"text-align:left\"><div class=\"uvc-heading-spacer no_spacer\" style=\"top\"><\/div><div class=\"uvc-main-heading ult-responsive\"  data-ultimate-target='.uvc-heading.ultimate-heading-604969f364574b6b0 h2'  data-responsive-json-new='{\"font-size\":\"\",\"line-height\":\"\"}' ><h2 style=\"font-weight:normal;\">K\u00f6nnen Kinder in der Granadella-Bucht schnorcheln?<\/h2><\/div><div class=\"uvc-sub-heading ult-responsive\"  data-ultimate-target='.uvc-heading.ultimate-heading-604969f364574b6b0 .uvc-sub-heading '  data-responsive-json-new='{\"font-size\":\"\",\"line-height\":\"\"}'  style=\"font-weight:normal;\"><\/p>\n<p style=\"text-align: justify;\"><span style=\"font-weight: 400;\">Ja, nat\u00fcrlich ist sie das. Die j\u00fcngsten Familienmitglieder k\u00f6nnen in der Bucht von Granadella problemlos schnorcheln. Wenn Sie mit kleinen Kindern unterwegs sind, empfehlen wir Ihnen, die Exkursion mit einem Fachmann zu unternehmen, der das Gebiet von Granadella in- und auswendig kennt und \u00fcber die notwendigen Kenntnisse verf\u00fcgt, damit Sie schnorcheln k\u00f6nnen. <\/span><\/p>\n<p style=\"text-align: justify;\">Wenn Sie hingegen nicht wissen, ob Ihr Kind die zweieinhalbst\u00fcndige Aktivit\u00e4t durchh\u00e4lt und Sie lieber alleine in der Granadella-Bucht schnorcheln m\u00f6chten, empfehlen wir Ihnen, im Seitenbereich der Granadella-Bucht zu schnorcheln, im \u00f6stlichen Teil der Bucht.<\/p>\n<p><\/div><\/div>[vc_single_image image=&#8220;1233&#8243; img_size=&#8220;full&#8220; alignment=&#8220;center&#8220; onclick=&#8220;custom_link&#8220; img_link_target=&#8220;_blank&#8220; link=&#8220;https:\/\/marinalia.es\/deporte-y-aventura\/deportes-acuaticos\/buceo-y-snorkel\/998-speed-tour-cala-granadella-javea.html&#8220;][vc_empty_space height=&#8220;50px&#8220;][\/vc_column][\/vc_row][vc_row][vc_column]<div id=\"ultimate-heading-944669f364574b725\" class=\"uvc-heading ult-adjust-bottom-margin ultimate-heading-944669f364574b725 uvc-902 \" data-hspacer=\"no_spacer\"  data-halign=\"left\" style=\"text-align:left\"><div class=\"uvc-heading-spacer no_spacer\" style=\"top\"><\/div><div class=\"uvc-main-heading ult-responsive\"  data-ultimate-target='.uvc-heading.ultimate-heading-944669f364574b725 h3'  data-responsive-json-new='{\"font-size\":\"\",\"line-height\":\"\"}' ><h3 style=\"font-weight:normal;\">Dauer der Schnorchelaktivit\u00e4ten in der Bucht von Granadella<\/h3><\/div><div class=\"uvc-sub-heading ult-responsive\"  data-ultimate-target='.uvc-heading.ultimate-heading-944669f364574b725 .uvc-sub-heading '  data-responsive-json-new='{\"font-size\":\"\",\"line-height\":\"\"}'  style=\"font-weight:normal;\"><\/p>\n<p style=\"text-align: justify;\"><span style=\"font-weight: 400;\">Die Gesamtdauer der Kajak- und Schnorcheltour betr\u00e4gt ca. 2 Stunden und 30 Minuten. Wenn Sie jedoch auf eigene Faust in der Granadella-Bucht schnorcheln m\u00f6chten, k\u00f6nnen Sie so lange schnorcheln, wie Sie m\u00f6chten. Es gibt keine Grenzen und Granadella Cove gibt Ihnen viel Zeit, um das Schnorcheln oder Tauchen in Granadella zu genie\u00dfen.<\/span><\/p>\n<p><\/div><\/div>[vc_empty_space height=&#8220;50px&#8220;][vc_single_image image=&#8220;1233&#8243; img_size=&#8220;full&#8220; alignment=&#8220;center&#8220; onclick=&#8220;custom_link&#8220; img_link_target=&#8220;_blank&#8220; link=&#8220;https:\/\/marinalia.es\/deporte-y-aventura\/deportes-acuaticos\/buceo-y-snorkel\/998-speed-tour-cala-granadella-javea.html&#8220;][\/vc_column][\/vc_row]<\/p>\n\n<div style=\"font-size: 0px; height: 0px; line-height: 0px; margin: 0; padding: 0; clear: both;\"><\/div>","protected":false},"excerpt":{"rendered":"<p>[vc_row][vc_column][vc_video link=&#8220;https:\/\/www.youtube.com\/watch?v=4qpLBes7EFM&amp;t=92s&#8220; align=&#8220;center&#8220;][vc_empty_space height=&#8220;50px&#8220;][\/vc_column][\/vc_row][vc_row][vc_column][vc_single_image image=&#8220;1233&#8243; img_size=&#8220;full&#8220; alignment=&#8220;center&#8220; onclick=&#8220;custom_link&#8220; img_link_target=&#8220;_blank&#8220; link=&#8220;https:\/\/marinalia.es\/deporte-y-aventura\/deportes-acuaticos\/buceo-y-snorkel\/998-speed-tour-cala-granadella-javea.html&#8220;][vc_empty_space][\/vc_column][\/vc_row][vc_row][vc_column][\/vc_column][\/vc_row][vc_row][vc_column][vc_empty_space height=&#8220;50px&#8220;][vc_single_image image=&#8220;1233&#8243; img_size=&#8220;full&#8220; alignment=&#8220;center&#8220; onclick=&#8220;custom_link&#8220; img_link_target=&#8220;_blank&#8220; link=&#8220;https:\/\/marinalia.es\/deporte-y-aventura\/deportes-acuaticos\/buceo-y-snorkel\/998-speed-tour-cala-granadella-javea.html&#8220;][vc_empty_space height=&#8220;50px&#8220;][\/vc_column][\/vc_row][vc_row][vc_column][vc_empty_space height=&#8220;50px&#8220;][vc_single_image image=&#8220;1233&#8243; img_size=&#8220;full&#8220; alignment=&#8220;center&#8220; onclick=&#8220;custom_link&#8220; img_link_target=&#8220;_blank&#8220; link=&#8220;https:\/\/marinalia.es\/deporte-y-aventura\/deportes-acuaticos\/buceo-y-snorkel\/998-speed-tour-cala-granadella-javea.html&#8220;][\/vc_column][\/vc_row]<\/p>\n","protected":false},"author":1,"featured_media":801,"parent":1019,"menu_order":0,"comment_status":"closed","ping_status":"closed","template":"","meta":{"_joinchat":[],"footnotes":""},"class_list":["post-1027","page","type-page","status-publish","has-post-thumbnail","hentry","description-off"],"_links":{"self":[{"href":"https:\/\/calagranadella.com\/de\/wp-json\/wp\/v2\/pages\/1027","targetHints":{"allow":["GET"]}}],"collection":[{"href":"https:\/\/calagranadella.com\/de\/wp-json\/wp\/v2\/pages"}],"about":[{"href":"https:\/\/calagranadella.com\/de\/wp-json\/wp\/v2\/types\/page"}],"author":[{"embeddable":true,"href":"https:\/\/calagranadella.com\/de\/wp-json\/wp\/v2\/users\/1"}],"replies":[{"embeddable":true,"href":"https:\/\/calagranadella.com\/de\/wp-json\/wp\/v2\/comments?post=1027"}],"version-history":[{"count":4,"href":"https:\/\/calagranadella.com\/de\/wp-json\/wp\/v2\/pages\/1027\/revisions"}],"predecessor-version":[{"id":1239,"href":"https:\/\/calagranadella.com\/de\/wp-json\/wp\/v2\/pages\/1027\/revisions\/1239"}],"up":[{"embeddable":true,"href":"https:\/\/calagranadella.com\/de\/wp-json\/wp\/v2\/pages\/1019"}],"wp:featuredmedia":[{"embeddable":true,"href":"https:\/\/calagranadella.com\/de\/wp-json\/wp\/v2\/media\/801"}],"wp:attachment":[{"href":"https:\/\/calagranadella.com\/de\/wp-json\/wp\/v2\/media?parent=1027"}],"curies":[{"name":"wp","href":"https:\/\/api.w.org\/{rel}","templated":true}]}}