{"id":1033,"date":"2022-07-28T14:50:40","date_gmt":"2022-07-28T12:50:40","guid":{"rendered":"https:\/\/calagranadella.com\/wie-man-dorthin-kommt\/"},"modified":"2024-07-09T16:08:26","modified_gmt":"2024-07-09T14:08:26","slug":"wie-man-dorthin-kommt","status":"publish","type":"page","link":"https:\/\/calagranadella.com\/de\/wie-man-dorthin-kommt\/","title":{"rendered":"Wie man dorthin kommt"},"content":{"rendered":"<p>[vc_row][vc_column]<div id=\"ultimate-heading-76956a074ff8ea90a\" class=\"uvc-heading ult-adjust-bottom-margin ultimate-heading-76956a074ff8ea90a uvc-6671 \" data-hspacer=\"no_spacer\"  data-halign=\"center\" style=\"text-align:center\"><div class=\"uvc-heading-spacer no_spacer\" style=\"top\"><\/div><div class=\"uvc-sub-heading ult-responsive\"  data-ultimate-target='.uvc-heading.ultimate-heading-76956a074ff8ea90a .uvc-sub-heading '  data-responsive-json-new='{\"font-size\":\"\",\"line-height\":\"\"}'  style=\"font-weight:normal;\"><\/p>\n<p style=\"text-align: justify;\"><span style=\"font-weight: 400;\">Cala Granadella liegt etwa 10 Kilometer von J\u00e1vea entfernt. Dies ist die s\u00fcdlichste Bucht der K\u00fcstenstadt J\u00e1vea (X\u00e1bia). Es ist auch die ber\u00fchmteste Bucht in der Gegend und das allein rechtfertigt schon den Ausflug. Wenn Sie dort ankommen, werden Sie feststellen, dass es sich gelohnt hat, dorthin zu kommen.<\/span><\/p>\n<p style=\"text-align: justify;\"><span style=\"font-weight: 400;\">Sie m\u00fcssen ber\u00fccksichtigen, dass Sie die Bucht von Granadella mit dem Auto, einem Taxi oder einem Mietwagen erreichen k\u00f6nnen, da es keine \u00f6ffentlichen Verkehrsmittel nach Granadella Beach gibt.<\/span><\/p>\n<p><\/div><\/div>[vc_empty_space height=&#8220;50px&#8220;]<div id=\"ultimate-heading-25936a074ff8ea9fa\" class=\"uvc-heading ult-adjust-bottom-margin ultimate-heading-25936a074ff8ea9fa uvc-9983 \" data-hspacer=\"no_spacer\"  data-halign=\"left\" style=\"text-align:left\"><div class=\"uvc-heading-spacer no_spacer\" style=\"top\"><\/div><div class=\"uvc-main-heading ult-responsive\"  data-ultimate-target='.uvc-heading.ultimate-heading-25936a074ff8ea9fa h2'  data-responsive-json-new='{\"font-size\":\"desktop:34px;\",\"line-height\":\"\"}' ><h2 style=\"font-weight:normal;\">Wie man mit dem Auto zur Granadella Cove kommt<\/h2><\/div><div class=\"uvc-sub-heading ult-responsive\"  data-ultimate-target='.uvc-heading.ultimate-heading-25936a074ff8ea9fa .uvc-sub-heading '  data-responsive-json-new='{\"font-size\":\"\",\"line-height\":\"\"}'  style=\"font-weight:normal;\"><\/p>\n<p style=\"text-align: justify;\"><span style=\"font-weight: 400;\">Um zur Bucht von Granadella zu gelangen, m\u00fcssen Sie die Stra\u00dfe nach Cabo de la Nao nehmen und bis zur Kreuzung fahren, an der Sie rechts die Bucht von Granadella sehen, und dann die Stra\u00dfe nach Granadella nehmen.<\/span><\/p>\n<p><\/div><\/div>[vc_single_image image=&#8220;375&#8243; img_size=&#8220;full&#8220; alignment=&#8220;center&#8220;][\/vc_column][\/vc_row][vc_row][vc_column]<div id=\"ultimate-heading-67186a074ff8eaae4\" class=\"uvc-heading ult-adjust-bottom-margin ultimate-heading-67186a074ff8eaae4 uvc-4720 \" data-hspacer=\"no_spacer\"  data-halign=\"left\" style=\"text-align:left\"><div class=\"uvc-heading-spacer no_spacer\" style=\"top\"><\/div><div class=\"uvc-sub-heading ult-responsive\"  data-ultimate-target='.uvc-heading.ultimate-heading-67186a074ff8eaae4 .uvc-sub-heading '  data-responsive-json-new='{\"font-size\":\"\",\"line-height\":\"\"}'  style=\"font-weight:normal;\"><span style=\"font-weight: 400;\">Nach etwa 2-3 Kilometern erreicht man den Beginn des Abstiegs zur Cala Granadella. Wenn Sie sich in der Hochsaison dorthin begeben, finden Sie die Zugangskontrolle zur Cala Granadella, wenn Sie den Strand von J\u00e1vea in der \u00fcbrigen Zeit des Jahres besuchen, k\u00f6nnen Sie ohne Probleme hinuntergehen.<\/span><\/p>\n<p><\/div><\/div>[vc_single_image image=&#8220;376&#8243; img_size=&#8220;full&#8220; alignment=&#8220;center&#8220;]<div id=\"ultimate-heading-17106a074ff8eabae\" class=\"uvc-heading ult-adjust-bottom-margin ultimate-heading-17106a074ff8eabae uvc-5970 \" data-hspacer=\"no_spacer\"  data-halign=\"center\" style=\"text-align:center\"><div class=\"uvc-heading-spacer no_spacer\" style=\"top\"><\/div><div class=\"uvc-sub-heading ult-responsive\"  data-ultimate-target='.uvc-heading.ultimate-heading-17106a074ff8eabae .uvc-sub-heading '  data-responsive-json-new='{\"font-size\":\"\",\"line-height\":\"\"}'  style=\"font-weight:normal;\"><\/p>\n<p style=\"text-align: justify;\"><span style=\"font-weight: 400;\">Auf demselben Weg gelangen Sie zur Bucht von Granadella, ohne sich zu verirren. Sie k\u00f6nnen jedoch auch unseren Abschnitt der Website besuchen, in dem wir dar\u00fcber berichten, wo Sie <\/span><a href=\"https:\/\/calagranadella.com\/como-llegar\/parking\/\"><span style=\"font-weight: 400;\">Parken in La Cala<\/span><\/a><span style=\"font-weight: 400;\">. Wir informieren Sie \u00fcber die 3 Punkte, an denen Sie Ihr Auto in Cala Granadella problemlos parken k\u00f6nnen.<\/span><\/p>\n<p><\/div><\/div>[vc_empty_space height=&#8220;50px&#8220;]<div id=\"ultimate-heading-51906a074ff8eac5c\" class=\"uvc-heading ult-adjust-bottom-margin ultimate-heading-51906a074ff8eac5c uvc-4828 \" data-hspacer=\"no_spacer\"  data-halign=\"left\" style=\"text-align:left\"><div class=\"uvc-heading-spacer no_spacer\" style=\"top\"><\/div><div class=\"uvc-main-heading ult-responsive\"  data-ultimate-target='.uvc-heading.ultimate-heading-51906a074ff8eac5c h2'  data-responsive-json-new='{\"font-size\":\"desktop:34px;\",\"line-height\":\"\"}' ><h2 style=\"font-weight:normal;\">Karte der Granadella-Bucht<\/h2><\/div><\/div>[vc_empty_space][vc_single_image image=&#8220;377&#8243; img_size=&#8220;full&#8220; add_caption=&#8220;yes&#8220; alignment=&#8220;center&#8220;][\/vc_column][\/vc_row][vc_row][vc_column]<div id=\"ultimate-heading-49726a074ff8ead05\" class=\"uvc-heading ult-adjust-bottom-margin ultimate-heading-49726a074ff8ead05 uvc-709 \" data-hspacer=\"no_spacer\"  data-halign=\"center\" style=\"text-align:center\"><div class=\"uvc-heading-spacer no_spacer\" style=\"top\"><\/div><div class=\"uvc-main-heading ult-responsive\"  data-ultimate-target='.uvc-heading.ultimate-heading-49726a074ff8ead05 h2'  data-responsive-json-new='{\"font-size\":\"\",\"line-height\":\"\"}' ><h2 style=\"font-weight:normal;margin-bottom:10px;\">Aktivit\u00e4ten in Granadella<\/h2><\/div><\/div>[\/vc_column][\/vc_row][vc_row][vc_column width=&#8220;1\/3&#8243;][vc_single_image image=&#8220;661&#8243; img_size=&#8220;full&#8220; alignment=&#8220;center&#8220; onclick=&#8220;custom_link&#8220; link=&#8220;https:\/\/marinalia.es\/deporte-y-aventura\/excursiones-en-el-mar\/excursiones-en-barco\/639-excursion-barco-javea-a-los-3-cabos.html&#8220;][vc_single_image image=&#8220;659&#8243; img_size=&#8220;full&#8220; alignment=&#8220;center&#8220; onclick=&#8220;custom_link&#8220; link=&#8220;https:\/\/marinalia.es\/deporte-y-aventura\/deportes-acuaticos\/518-alquiler-de-paddle-surf-en-javea.html&#8220;][\/vc_column][vc_column width=&#8220;1\/3&#8243;][vc_single_image image=&#8220;655&#8243; img_size=&#8220;full&#8220; alignment=&#8220;center&#8220; onclick=&#8220;custom_link&#8220; link=&#8220;https:\/\/marinalia.es\/deporte-y-aventura\/excursiones-en-el-mar\/atardecer-barco\/647-puesta-de-sol-barco-javea.html&#8220;][vc_single_image image=&#8220;667&#8243; img_size=&#8220;full&#8220; alignment=&#8220;center&#8220; onclick=&#8220;custom_link&#8220; link=&#8220;https:\/\/marinalia.es\/deporte-y-aventura\/deportes-acuaticos\/buceo-y-snorkel\/14-excursion-en-barco-al-cabo-la-nao-y-snorkeling.html&#8220;][\/vc_column][vc_column width=&#8220;1\/3&#8243;][vc_single_image image=&#8220;656&#8243; img_size=&#8220;full&#8220; alignment=&#8220;center&#8220; onclick=&#8220;custom_link&#8220; link=&#8220;https:\/\/marinalia.es\/deporte-y-aventura\/deportes-acuaticos\/buceo-y-snorkel\/640-paseo-catamaran-javea.html&#8220;][vc_single_image image=&#8220;654&#8243; img_size=&#8220;full&#8220; alignment=&#8220;center&#8220; onclick=&#8220;custom_link&#8220; link=&#8220;https:\/\/marinalia.es\/deporte-y-aventura\/excursiones-en-el-mar\/excursiones-en-kayak\/1144-excursion-kayak-cala-tango-javea.html&#8220;][\/vc_column][\/vc_row]<\/p>\n\n<div style=\"font-size: 0px; height: 0px; line-height: 0px; margin: 0; padding: 0; clear: both;\"><\/div>","protected":false},"excerpt":{"rendered":"<p>[vc_row][vc_column][vc_empty_space height=&#8220;50px&#8220;][vc_single_image image=&#8220;375&#8243; img_size=&#8220;full&#8220; alignment=&#8220;center&#8220;][\/vc_column][\/vc_row][vc_row][vc_column][vc_single_image image=&#8220;376&#8243; img_size=&#8220;full&#8220; alignment=&#8220;center&#8220;][vc_empty_space height=&#8220;50px&#8220;][vc_empty_space][vc_single_image image=&#8220;377&#8243; img_size=&#8220;full&#8220; add_caption=&#8220;yes&#8220; alignment=&#8220;center&#8220;][\/vc_column][\/vc_row][vc_row][vc_column][\/vc_column][\/vc_row][vc_row][vc_column width=&#8220;1\/3&#8243;][vc_single_image image=&#8220;661&#8243; img_size=&#8220;full&#8220; alignment=&#8220;center&#8220; onclick=&#8220;custom_link&#8220; link=&#8220;https:\/\/marinalia.es\/deporte-y-aventura\/excursiones-en-el-mar\/excursiones-en-barco\/639-excursion-barco-javea-a-los-3-cabos.html&#8220;][vc_single_image image=&#8220;659&#8243; img_size=&#8220;full&#8220; alignment=&#8220;center&#8220; onclick=&#8220;custom_link&#8220; link=&#8220;https:\/\/marinalia.es\/deporte-y-aventura\/deportes-acuaticos\/518-alquiler-de-paddle-surf-en-javea.html&#8220;][\/vc_column][vc_column width=&#8220;1\/3&#8243;][vc_single_image image=&#8220;655&#8243; img_size=&#8220;full&#8220; alignment=&#8220;center&#8220; onclick=&#8220;custom_link&#8220; link=&#8220;https:\/\/marinalia.es\/deporte-y-aventura\/excursiones-en-el-mar\/atardecer-barco\/647-puesta-de-sol-barco-javea.html&#8220;][vc_single_image image=&#8220;667&#8243; img_size=&#8220;full&#8220; alignment=&#8220;center&#8220; onclick=&#8220;custom_link&#8220; link=&#8220;https:\/\/marinalia.es\/deporte-y-aventura\/deportes-acuaticos\/buceo-y-snorkel\/14-excursion-en-barco-al-cabo-la-nao-y-snorkeling.html&#8220;][\/vc_column][vc_column width=&#8220;1\/3&#8243;][vc_single_image image=&#8220;656&#8243; img_size=&#8220;full&#8220; alignment=&#8220;center&#8220; onclick=&#8220;custom_link&#8220; link=&#8220;https:\/\/marinalia.es\/deporte-y-aventura\/deportes-acuaticos\/buceo-y-snorkel\/640-paseo-catamaran-javea.html&#8220;][vc_single_image image=&#8220;654&#8243; img_size=&#8220;full&#8220; alignment=&#8220;center&#8220; onclick=&#8220;custom_link&#8220; link=&#8220;https:\/\/marinalia.es\/deporte-y-aventura\/excursiones-en-el-mar\/excursiones-en-kayak\/1144-excursion-kayak-cala-tango-javea.html&#8220;][\/vc_column][\/vc_row]<\/p>\n","protected":false},"author":1,"featured_media":0,"parent":0,"menu_order":0,"comment_status":"closed","ping_status":"closed","template":"","meta":{"_joinchat":[],"footnotes":""},"class_list":["post-1033","page","type-page","status-publish","hentry","description-off"],"_links":{"self":[{"href":"https:\/\/calagranadella.com\/de\/wp-json\/wp\/v2\/pages\/1033","targetHints":{"allow":["GET"]}}],"collection":[{"href":"https:\/\/calagranadella.com\/de\/wp-json\/wp\/v2\/pages"}],"about":[{"href":"https:\/\/calagranadella.com\/de\/wp-json\/wp\/v2\/types\/page"}],"author":[{"embeddable":true,"href":"https:\/\/calagranadella.com\/de\/wp-json\/wp\/v2\/users\/1"}],"replies":[{"embeddable":true,"href":"https:\/\/calagranadella.com\/de\/wp-json\/wp\/v2\/comments?post=1033"}],"version-history":[{"count":7,"href":"https:\/\/calagranadella.com\/de\/wp-json\/wp\/v2\/pages\/1033\/revisions"}],"predecessor-version":[{"id":1040,"href":"https:\/\/calagranadella.com\/de\/wp-json\/wp\/v2\/pages\/1033\/revisions\/1040"}],"wp:attachment":[{"href":"https:\/\/calagranadella.com\/de\/wp-json\/wp\/v2\/media?parent=1033"}],"curies":[{"name":"wp","href":"https:\/\/api.w.org\/{rel}","templated":true}]}}