{"id":1053,"date":"2022-09-13T14:43:50","date_gmt":"2022-09-13T12:43:50","guid":{"rendered":"https:\/\/calagranadella.com\/reservierung\/"},"modified":"2024-07-09T16:16:34","modified_gmt":"2024-07-09T14:16:34","slug":"reservierung","status":"publish","type":"page","link":"https:\/\/calagranadella.com\/de\/reservierung\/","title":{"rendered":"Reservierung"},"content":{"rendered":"<p>[vc_row][vc_column]<div id=\"ultimate-heading-797669de99eb5ed0f\" class=\"uvc-heading ult-adjust-bottom-margin ultimate-heading-797669de99eb5ed0f uvc-2979 \" data-hspacer=\"no_spacer\"  data-halign=\"left\" style=\"text-align:left\"><div class=\"uvc-heading-spacer no_spacer\" style=\"top\"><\/div><div class=\"uvc-main-heading ult-responsive\"  data-ultimate-target='.uvc-heading.ultimate-heading-797669de99eb5ed0f h2'  data-responsive-json-new='{\"font-size\":\"\",\"line-height\":\"\"}' ><h2 style=\"font-weight:bold;\">Ist eine Reservierung f\u00fcr die Bucht von Granadella erforderlich?<\/h2><\/div><div class=\"uvc-sub-heading ult-responsive\"  data-ultimate-target='.uvc-heading.ultimate-heading-797669de99eb5ed0f .uvc-sub-heading '  data-responsive-json-new='{\"font-size\":\"\",\"line-height\":\"\"}'  style=\"font-weight:normal;\"><\/p>\n<p style=\"text-align: justify;\"><span style=\"font-weight: 400;\">Gegenw\u00e4rtig ist f\u00fcr den Zugang zur Bucht von Granadella keine Anmeldung erforderlich, allerdings handelt es sich um eine Bucht mit begrenzter Kapazit\u00e4t, so dass die Zugangskontrolle entsprechend ihrer Kapazit\u00e4t eingeschr\u00e4nkt ist.<\/span><\/p>\n<p style=\"text-align: justify;\"><span style=\"font-weight: 400;\">In den Monaten Juli und August kommt es h\u00e4ufig vor, dass man an der Granadella-Bucht ankommt und feststellt, dass der Zaun geschlossen ist und man darauf warten muss, dass jemand herauskommt, um Zugang zu erhalten. In den Monaten Juni und September kann dies an Wochenenden geschehen. In der \u00fcbrigen Zeit des Jahres k\u00f6nnen Sie die Bucht von Granadella problemlos erreichen.<\/span><\/p>\n<p><\/div><\/div>[vc_empty_space][vc_single_image image=&#8220;634&#8243; img_size=&#8220;full&#8220; alignment=&#8220;center&#8220; onclick=&#8220;custom_link&#8220; img_link_target=&#8220;_blank&#8220; link=&#8220;https:\/\/marinalia.es\/deporte-y-aventura\/deportes-acuaticos\/excursiones-en-kayak\/613-excursion-kayak-cala-granadella-y-cueva-del-llop-mari.html&#8220;][\/vc_column][\/vc_row][vc_row][vc_column]<div id=\"ultimate-heading-634669de99eb5ee2b\" class=\"uvc-heading ult-adjust-bottom-margin ultimate-heading-634669de99eb5ee2b uvc-5048 \" data-hspacer=\"no_spacer\"  data-halign=\"left\" style=\"text-align:left\"><div class=\"uvc-heading-spacer no_spacer\" style=\"top\"><\/div><div class=\"uvc-main-heading ult-responsive\"  data-ultimate-target='.uvc-heading.ultimate-heading-634669de99eb5ee2b h2'  data-responsive-json-new='{\"font-size\":\"\",\"line-height\":\"\"}' ><h2 style=\"font-weight:bold;\">Wenn ich die Bucht von Granadella zwischen Juni und September besuchen m\u00f6chte, muss ich dann im Voraus buchen?<\/h2><\/div><div class=\"uvc-sub-heading ult-responsive\"  data-ultimate-target='.uvc-heading.ultimate-heading-634669de99eb5ee2b .uvc-sub-heading '  data-responsive-json-new='{\"font-size\":\"\",\"line-height\":\"\"}'  style=\"font-weight:normal;\"><\/p>\n<p style=\"text-align: justify;\"><span style=\"font-weight: 400;\">Wie wir bereits im vorherigen Abschnitt erw\u00e4hnt haben, ist es (bis heute) nicht notwendig, f\u00fcr die Bucht von Granadella zu buchen, weder im Juni und September noch f\u00fcr den Rest des Jahres.<\/span><\/p>\n<p><\/div><\/div>[vc_empty_space]<div id=\"ultimate-heading-888169de99eb5eeeb\" class=\"uvc-heading ult-adjust-bottom-margin ultimate-heading-888169de99eb5eeeb uvc-168 \" data-hspacer=\"no_spacer\"  data-halign=\"left\" style=\"text-align:left\"><div class=\"uvc-heading-spacer no_spacer\" style=\"top\"><\/div><div class=\"uvc-main-heading ult-responsive\"  data-ultimate-target='.uvc-heading.ultimate-heading-888169de99eb5eeeb h3'  data-responsive-json-new='{\"font-size\":\"\",\"line-height\":\"\"}' ><h3 style=\"font-weight:bold;\">Empfehlungen f\u00fcr den Zugang (mit oder ohne Reservierung) zur Granadella-Bucht:<\/h3><\/div><div class=\"uvc-sub-heading ult-responsive\"  data-ultimate-target='.uvc-heading.ultimate-heading-888169de99eb5eeeb .uvc-sub-heading '  data-responsive-json-new='{\"font-size\":\"\",\"line-height\":\"\"}'  style=\"font-weight:normal;\"><\/p>\n<ul>\n<li style=\"font-weight: 400;\" aria-level=\"1\"><span style=\"font-weight: 400;\">Bequeme Kleidung<\/span><\/li>\n<li style=\"font-weight: 400;\" aria-level=\"1\"><span style=\"font-weight: 400;\">Sonnenschutz <\/span><\/li>\n<li style=\"font-weight: 400;\" aria-level=\"1\"><span style=\"font-weight: 400;\">Wasser f\u00fcr eine ausreichende Fl\u00fcssigkeitszufuhr<\/span><\/li>\n<li style=\"font-weight: 400;\" aria-level=\"1\"><span style=\"font-weight: 400;\">Die Kamera und\/oder die Sport-(Wasser-)Kamera. <\/span><\/li>\n<li style=\"font-weight: 400;\" aria-level=\"1\"><span style=\"font-weight: 400;\">Booties oder Clogs (die Bucht ist kieselig)<\/span><\/li>\n<li style=\"font-weight: 400;\" aria-level=\"1\"><span style=\"font-weight: 400;\">Schnorchelausr\u00fcstung<\/span><\/li>\n<\/ul>\n<p><\/div><\/div>[\/vc_column][\/vc_row][vc_row][vc_column]<div id=\"ultimate-heading-771669de99eb5efaa\" class=\"uvc-heading ult-adjust-bottom-margin ultimate-heading-771669de99eb5efaa uvc-2329 \" data-hspacer=\"no_spacer\"  data-halign=\"center\" style=\"text-align:center\"><div class=\"uvc-heading-spacer no_spacer\" style=\"top\"><\/div><div class=\"uvc-main-heading ult-responsive\"  data-ultimate-target='.uvc-heading.ultimate-heading-771669de99eb5efaa h2'  data-responsive-json-new='{\"font-size\":\"\",\"line-height\":\"\"}' ><h2 style=\"font-weight:normal;margin-top:20px;margin-bottom:20px;\">Aktivit\u00e4ten rund um die Granadella<\/h2><\/div><\/div>[\/vc_column][\/vc_row][vc_row][vc_column width=&#8220;1\/3&#8243;][vc_single_image image=&#8220;661&#8243; img_size=&#8220;full&#8220; alignment=&#8220;center&#8220; onclick=&#8220;custom_link&#8220; link=&#8220;https:\/\/marinalia.es\/deporte-y-aventura\/excursiones-en-el-mar\/excursiones-en-barco\/639-excursion-barco-javea-a-los-3-cabos.html&#8220;][vc_single_image image=&#8220;659&#8243; img_size=&#8220;full&#8220; alignment=&#8220;center&#8220; onclick=&#8220;custom_link&#8220; link=&#8220;https:\/\/marinalia.es\/deporte-y-aventura\/deportes-acuaticos\/518-alquiler-de-paddle-surf-en-javea.html&#8220;][\/vc_column][vc_column width=&#8220;1\/3&#8243;][vc_single_image image=&#8220;655&#8243; img_size=&#8220;full&#8220; alignment=&#8220;center&#8220; onclick=&#8220;custom_link&#8220; link=&#8220;https:\/\/marinalia.es\/deporte-y-aventura\/excursiones-en-el-mar\/atardecer-barco\/647-puesta-de-sol-barco-javea.html&#8220;][vc_single_image image=&#8220;667&#8243; img_size=&#8220;full&#8220; alignment=&#8220;center&#8220; onclick=&#8220;custom_link&#8220; link=&#8220;https:\/\/marinalia.es\/deporte-y-aventura\/deportes-acuaticos\/buceo-y-snorkel\/14-excursion-en-barco-al-cabo-la-nao-y-snorkeling.html&#8220;][\/vc_column][vc_column width=&#8220;1\/3&#8243;][vc_single_image image=&#8220;656&#8243; img_size=&#8220;full&#8220; alignment=&#8220;center&#8220; onclick=&#8220;custom_link&#8220; link=&#8220;https:\/\/marinalia.es\/deporte-y-aventura\/deportes-acuaticos\/buceo-y-snorkel\/640-paseo-catamaran-javea.html&#8220;][vc_single_image image=&#8220;654&#8243; img_size=&#8220;full&#8220; alignment=&#8220;center&#8220; onclick=&#8220;custom_link&#8220; link=&#8220;https:\/\/marinalia.es\/deporte-y-aventura\/excursiones-en-el-mar\/excursiones-en-kayak\/1144-excursion-kayak-cala-tango-javea.html&#8220;][\/vc_column][\/vc_row]<\/p>\n\n<div style=\"font-size: 0px; height: 0px; line-height: 0px; margin: 0; padding: 0; clear: both;\"><\/div>","protected":false},"excerpt":{"rendered":"<p>[vc_row][vc_column][vc_empty_space][vc_single_image image=&#8220;634&#8243; img_size=&#8220;full&#8220; alignment=&#8220;center&#8220; onclick=&#8220;custom_link&#8220; img_link_target=&#8220;_blank&#8220; link=&#8220;https:\/\/marinalia.es\/deporte-y-aventura\/deportes-acuaticos\/excursiones-en-kayak\/613-excursion-kayak-cala-granadella-y-cueva-del-llop-mari.html&#8220;][\/vc_column][\/vc_row][vc_row][vc_column][vc_empty_space][\/vc_column][\/vc_row][vc_row][vc_column][\/vc_column][\/vc_row][vc_row][vc_column width=&#8220;1\/3&#8243;][vc_single_image image=&#8220;661&#8243; img_size=&#8220;full&#8220; alignment=&#8220;center&#8220; onclick=&#8220;custom_link&#8220; link=&#8220;https:\/\/marinalia.es\/deporte-y-aventura\/excursiones-en-el-mar\/excursiones-en-barco\/639-excursion-barco-javea-a-los-3-cabos.html&#8220;][vc_single_image image=&#8220;659&#8243; img_size=&#8220;full&#8220; alignment=&#8220;center&#8220; onclick=&#8220;custom_link&#8220; link=&#8220;https:\/\/marinalia.es\/deporte-y-aventura\/deportes-acuaticos\/518-alquiler-de-paddle-surf-en-javea.html&#8220;][\/vc_column][vc_column width=&#8220;1\/3&#8243;][vc_single_image image=&#8220;655&#8243; img_size=&#8220;full&#8220; alignment=&#8220;center&#8220; onclick=&#8220;custom_link&#8220; link=&#8220;https:\/\/marinalia.es\/deporte-y-aventura\/excursiones-en-el-mar\/atardecer-barco\/647-puesta-de-sol-barco-javea.html&#8220;][vc_single_image image=&#8220;667&#8243; img_size=&#8220;full&#8220; alignment=&#8220;center&#8220; onclick=&#8220;custom_link&#8220; link=&#8220;https:\/\/marinalia.es\/deporte-y-aventura\/deportes-acuaticos\/buceo-y-snorkel\/14-excursion-en-barco-al-cabo-la-nao-y-snorkeling.html&#8220;][\/vc_column][vc_column width=&#8220;1\/3&#8243;][vc_single_image image=&#8220;656&#8243; img_size=&#8220;full&#8220; alignment=&#8220;center&#8220; onclick=&#8220;custom_link&#8220; link=&#8220;https:\/\/marinalia.es\/deporte-y-aventura\/deportes-acuaticos\/buceo-y-snorkel\/640-paseo-catamaran-javea.html&#8220;][vc_single_image image=&#8220;654&#8243; img_size=&#8220;full&#8220; alignment=&#8220;center&#8220; onclick=&#8220;custom_link&#8220; link=&#8220;https:\/\/marinalia.es\/deporte-y-aventura\/excursiones-en-el-mar\/excursiones-en-kayak\/1144-excursion-kayak-cala-tango-javea.html&#8220;][\/vc_column][\/vc_row]<\/p>\n","protected":false},"author":1,"featured_media":0,"parent":0,"menu_order":0,"comment_status":"closed","ping_status":"closed","template":"","meta":{"_joinchat":[],"footnotes":""},"class_list":["post-1053","page","type-page","status-publish","hentry","description-off"],"_links":{"self":[{"href":"https:\/\/calagranadella.com\/de\/wp-json\/wp\/v2\/pages\/1053","targetHints":{"allow":["GET"]}}],"collection":[{"href":"https:\/\/calagranadella.com\/de\/wp-json\/wp\/v2\/pages"}],"about":[{"href":"https:\/\/calagranadella.com\/de\/wp-json\/wp\/v2\/types\/page"}],"author":[{"embeddable":true,"href":"https:\/\/calagranadella.com\/de\/wp-json\/wp\/v2\/users\/1"}],"replies":[{"embeddable":true,"href":"https:\/\/calagranadella.com\/de\/wp-json\/wp\/v2\/comments?post=1053"}],"version-history":[{"count":2,"href":"https:\/\/calagranadella.com\/de\/wp-json\/wp\/v2\/pages\/1053\/revisions"}],"predecessor-version":[{"id":1055,"href":"https:\/\/calagranadella.com\/de\/wp-json\/wp\/v2\/pages\/1053\/revisions\/1055"}],"wp:attachment":[{"href":"https:\/\/calagranadella.com\/de\/wp-json\/wp\/v2\/media?parent=1053"}],"curies":[{"name":"wp","href":"https:\/\/api.w.org\/{rel}","templated":true}]}}