{"id":970,"date":"2022-07-28T12:06:55","date_gmt":"2022-07-28T10:06:55","guid":{"rendered":"https:\/\/calagranadella.com\/activities-in-cala-granadella\/paddle-surf\/"},"modified":"2024-08-07T14:20:12","modified_gmt":"2024-08-07T12:20:12","slug":"paddle-surf","status":"publish","type":"page","link":"https:\/\/calagranadella.com\/en\/activities-in-cala-granadella\/paddle-surf\/","title":{"rendered":"Paddle surf"},"content":{"rendered":"<p>[vc_row][vc_column]<div id=\"ultimate-heading-961369ee78a25d3cf\" class=\"uvc-heading ult-adjust-bottom-margin ultimate-heading-961369ee78a25d3cf uvc-563 \" data-hspacer=\"no_spacer\"  data-halign=\"left\" style=\"text-align:left\"><div class=\"uvc-heading-spacer no_spacer\" style=\"top\"><\/div><div class=\"uvc-main-heading ult-responsive\"  data-ultimate-target='.uvc-heading.ultimate-heading-961369ee78a25d3cf h2'  data-responsive-json-new='{\"font-size\":\"\",\"line-height\":\"\"}' ><h2 style=\"font-weight:normal;\">What does the paddle surfing excursion in Granadella consist of?<\/h2><\/div><div class=\"uvc-sub-heading ult-responsive\"  data-ultimate-target='.uvc-heading.ultimate-heading-961369ee78a25d3cf .uvc-sub-heading '  data-responsive-json-new='{\"font-size\":\"\",\"line-height\":\"\"}'  style=\"font-weight:normal;\"><\/p>\n<p style=\"text-align: justify;\"><span style=\"font-weight: 400;\">The paddle surfing excursion from Granadella is a fun excursion that you can do with your family or friends. The excursion starts at the Granadella cove itself, the instructor will explain everything you need to know so that you can get straight onto the paddle board and know what to do. Paddle surfing as such is very simple, the only complexity it has is balance, that is, the important thing is to keep your balance, it is the only thing that saves you from falling. Although it is also true that falling down is a lot of fun and guaranteed laughs.<\/span><\/p>\n<p style=\"text-align: justify;\"><span style=\"font-weight: 400;\">After having all the training, we get on the paddle surf board and guided by the instructor, he will take us to the cove in cal\u00f3. This cove is only accessible by sea (which makes it even more special) as very few people can access it. There are no crowds, there are no people in the cove sunbathing, only visitors who come by kayak or paddle surf boards and the truth is, this cove is amazing. Nothing to envy to the Balinese paradise. <\/span><\/p>\n<p style=\"text-align: justify;\"><span style=\"font-weight: 400;\">After visiting the cove in cal\u00f3, we will visit on the paddle surf board the cova del llop mar\u00ed, a beautiful deep cave where snorkelling is a must. After visiting both beautiful areas of the granadella cove, we return with the paddle surf board to the place of origin, the granadella cove.<\/span><\/p>\n<p><\/div><\/div>[vc_empty_space height=&#8221;50px&#8221;][vc_single_image image=&#8221;349&#8243; img_size=&#8221;full&#8221;][\/vc_column][\/vc_row][vc_row][vc_column]<div id=\"ultimate-heading-4269ee78a25d474\" class=\"uvc-heading ult-adjust-bottom-margin ultimate-heading-4269ee78a25d474 uvc-5382 \" data-hspacer=\"no_spacer\"  data-halign=\"left\" style=\"text-align:left\"><div class=\"uvc-heading-spacer no_spacer\" style=\"top\"><\/div><div class=\"uvc-main-heading ult-responsive\"  data-ultimate-target='.uvc-heading.ultimate-heading-4269ee78a25d474 h2'  data-responsive-json-new='{\"font-size\":\"\",\"line-height\":\"\"}' ><h2 style=\"font-weight:normal;\">Paddle surfing route in Granadella cove with the family<\/h2><\/div><div class=\"uvc-sub-heading ult-responsive\"  data-ultimate-target='.uvc-heading.ultimate-heading-4269ee78a25d474 .uvc-sub-heading '  data-responsive-json-new='{\"font-size\":\"\",\"line-height\":\"\"}'  style=\"font-weight:normal;\"><\/p>\n<p style=\"text-align: justify;\"><span style=\"font-weight: 400;\">The paddle surfing or stand up paddle excursion is undoubtedly one of the most beautiful activities you can do with your family. This is a quiet excursion on the boards where you will admire and discover the surroundings of Cala Granadella, Cala en Cal\u00f3 and the cova del Llop Mar\u00ed, one of the areas known as the caves of J\u00e1vea, admired by all those who visit them.<\/span><\/p>\n<p style=\"text-align: justify;\"><span style=\"font-weight: 400;\">It is recommended to do the excursion with children over 6 years old so that they can stand upright on the board and therefore enjoy the activity to the fullest.<\/span><\/p>\n<p><\/div><\/div>[vc_video link=&#8221;https:\/\/www.youtube.com\/watch?v=xwKACnPb9Ms&#8221; align=&#8221;center&#8221;]<div id=\"ultimate-heading-765969ee78a25d4e2\" class=\"uvc-heading ult-adjust-bottom-margin ultimate-heading-765969ee78a25d4e2 uvc-1007 \" data-hspacer=\"no_spacer\"  data-halign=\"left\" style=\"text-align:left\"><div class=\"uvc-heading-spacer no_spacer\" style=\"top\"><\/div><div class=\"uvc-main-heading ult-responsive\"  data-ultimate-target='.uvc-heading.ultimate-heading-765969ee78a25d4e2 h2'  data-responsive-json-new='{\"font-size\":\"\",\"line-height\":\"\"}' ><h2 style=\"font-weight:normal;\">How can I book the paddle route to Granadella?<\/h2><\/div><div class=\"uvc-sub-heading ult-responsive\"  data-ultimate-target='.uvc-heading.ultimate-heading-765969ee78a25d4e2 .uvc-sub-heading '  data-responsive-json-new='{\"font-size\":\"\",\"line-height\":\"\"}'  style=\"font-weight:normal;\"><\/p>\n<p style=\"text-align: justify;\"><span style=\"font-weight: 400;\">If you want to enjoy the paddle surfing excursion along the coast of J\u00e1vea, the best option is to make a reservation through the link below. You will also see all the details of the excursion as well as the availability.<\/span><\/p>\n<p><\/div><\/div>[vc_single_image image=&#8221;1246&#8243; img_size=&#8221;full&#8221; alignment=&#8221;center&#8221; onclick=&#8221;custom_link&#8221; img_link_target=&#8221;_blank&#8221; link=&#8221;https:\/\/marinalia.es\/deporte-y-aventura\/deportes-acuaticos\/518-alquiler-de-paddle-surf-en-javea.html&#8221;]<div id=\"ultimate-heading-614169ee78a25d543\" class=\"uvc-heading ult-adjust-bottom-margin ultimate-heading-614169ee78a25d543 uvc-375 \" data-hspacer=\"no_spacer\"  data-halign=\"left\" style=\"text-align:left\"><div class=\"uvc-heading-spacer no_spacer\" style=\"top\"><\/div><div class=\"uvc-main-heading ult-responsive\"  data-ultimate-target='.uvc-heading.ultimate-heading-614169ee78a25d543 h2'  data-responsive-json-new='{\"font-size\":\"\",\"line-height\":\"\"}' ><h2 style=\"font-weight:normal;\">Duration of the paddle surfing excursion in Granadella cove<\/h2><\/div><div class=\"uvc-sub-heading ult-responsive\"  data-ultimate-target='.uvc-heading.ultimate-heading-614169ee78a25d543 .uvc-sub-heading '  data-responsive-json-new='{\"font-size\":\"\",\"line-height\":\"\"}'  style=\"font-weight:normal;\"><span style=\"font-weight: 400;\">The paddle surfing excursion lasts approximately 2 hours. During this couple of hours you will enjoy the experience of being on the paddle surf board and discovering the wonderful surroundings of Granadella.<\/span><\/div><\/div>[\/vc_column][\/vc_row][vc_row][vc_column][vc_empty_space height=&#8221;50px&#8221;][\/vc_column][\/vc_row][vc_row][vc_column]<div id=\"ultimate-heading-576969ee78a25d5ac\" class=\"uvc-heading ult-adjust-bottom-margin ultimate-heading-576969ee78a25d5ac uvc-7863 \" data-hspacer=\"no_spacer\"  data-halign=\"left\" style=\"text-align:left\"><div class=\"uvc-heading-spacer no_spacer\" style=\"top\"><\/div><div class=\"uvc-main-heading ult-responsive\"  data-ultimate-target='.uvc-heading.ultimate-heading-576969ee78a25d5ac h3'  data-responsive-json-new='{\"font-size\":\"\",\"line-height\":\"\"}' ><h3 style=\"font-weight:normal;\">What is needed for the excursion?<\/h3><\/div><div class=\"uvc-sub-heading ult-responsive\"  data-ultimate-target='.uvc-heading.ultimate-heading-576969ee78a25d5ac .uvc-sub-heading '  data-responsive-json-new='{\"font-size\":\"\",\"line-height\":\"\"}'  style=\"font-weight:normal;\"><\/p>\n<p style=\"text-align: justify;\"><span style=\"font-weight: 400;\">The main thing you need is to be in the mood to have a blast! If you already have that attitude, just keep in mind that you will have to go on the paddle surfing excursion with a bikini\/swimsuit, sun cream and booties\/cranks. All that will be enough to enjoy this excursion.<\/span><\/p>\n<p><\/div><\/div>[vc_single_image image=&#8221;1246&#8243; img_size=&#8221;full&#8221; alignment=&#8221;center&#8221; onclick=&#8221;custom_link&#8221; img_link_target=&#8221;_blank&#8221; link=&#8221;https:\/\/marinalia.es\/deporte-y-aventura\/deportes-acuaticos\/518-alquiler-de-paddle-surf-en-javea.html&#8221;]<div id=\"ultimate-heading-804269ee78a25d608\" class=\"uvc-heading ult-adjust-bottom-margin ultimate-heading-804269ee78a25d608 uvc-9822 \" data-hspacer=\"no_spacer\"  data-halign=\"left\" style=\"text-align:left\"><div class=\"uvc-heading-spacer no_spacer\" style=\"top\"><\/div><div class=\"uvc-main-heading ult-responsive\"  data-ultimate-target='.uvc-heading.ultimate-heading-804269ee78a25d608 h3'  data-responsive-json-new='{\"font-size\":\"\",\"line-height\":\"\"}' ><h3 style=\"font-weight:normal;\">Can children do it?<\/h3><\/div><div class=\"uvc-sub-heading ult-responsive\"  data-ultimate-target='.uvc-heading.ultimate-heading-804269ee78a25d608 .uvc-sub-heading '  data-responsive-json-new='{\"font-size\":\"\",\"line-height\":\"\"}'  style=\"font-weight:normal;\"><\/p>\n<p style=\"text-align: justify;\"><span style=\"font-weight: 400;\">Of course! The paddle surf boards are suitable for all ages, so there is no problem for the youngest members of the family to enjoy this excursion with the family.<\/span><\/p>\n<p><\/div><\/div>[\/vc_column][\/vc_row][vc_row][vc_column][vc_empty_space height=&#8221;50px&#8221;]<div id=\"ultimate-heading-484469ee78a25d65e\" class=\"uvc-heading ult-adjust-bottom-margin ultimate-heading-484469ee78a25d65e uvc-3355 \" data-hspacer=\"no_spacer\"  data-halign=\"left\" style=\"text-align:left\"><div class=\"uvc-heading-spacer no_spacer\" style=\"top\"><\/div><div class=\"uvc-main-heading ult-responsive\"  data-ultimate-target='.uvc-heading.ultimate-heading-484469ee78a25d65e h2'  data-responsive-json-new='{\"font-size\":\"\",\"line-height\":\"\"}' ><h2 style=\"font-weight:normal;\">The best way to get to know Granadella cove, paddle surfing<\/h2><\/div><div class=\"uvc-sub-heading ult-responsive\"  data-ultimate-target='.uvc-heading.ultimate-heading-484469ee78a25d65e .uvc-sub-heading '  data-responsive-json-new='{\"font-size\":\"\",\"line-height\":\"\"}'  style=\"font-weight:normal;\"><\/p>\n<p style=\"text-align: justify;\"><span style=\"font-weight: 400;\">Undoubtedly, one of the best options to get to know Cala Granadella and the coast that surrounds it is to do it on a paddle surf board. A unique experience in an idyllic setting Come and try the paddle surf trip from Granadella!<\/span><\/p>\n<p><\/div><\/div>[vc_single_image image=&#8221;1246&#8243; img_size=&#8221;full&#8221; alignment=&#8221;center&#8221; onclick=&#8221;custom_link&#8221; img_link_target=&#8221;_blank&#8221; link=&#8221;https:\/\/marinalia.es\/deporte-y-aventura\/deportes-acuaticos\/518-alquiler-de-paddle-surf-en-javea.html&#8221;][\/vc_column][\/vc_row][vc_row][vc_column]<div id=\"ultimate-heading-171769ee78a25d6b3\" class=\"uvc-heading ult-adjust-bottom-margin ultimate-heading-171769ee78a25d6b3 uvc-8389 \" data-hspacer=\"no_spacer\"  data-halign=\"center\" style=\"text-align:center\"><div class=\"uvc-heading-spacer no_spacer\" style=\"top\"><\/div><div class=\"uvc-main-heading ult-responsive\"  data-ultimate-target='.uvc-heading.ultimate-heading-171769ee78a25d6b3 h3'  data-responsive-json-new='{\"font-size\":\"\",\"line-height\":\"\"}' ><h3 style=\"font-weight:normal;\">Other activities in Granadella<\/h3><\/div><\/div>[vc_raw_html]PGRpdiBkYXRhLWd5Zy1ocmVmPSJodHRwczovL3dpZGdldC5nZXR5b3VyZ3VpZGUuY29tL2RlZmF1bHQvYWN0aXZpdGllcy5mcmFtZSIgZGF0YS1neWctbG9jYXRpb24taWQ9IjE4ODcxMyIgZGF0YS1neWctbG9jYWxlLWNvZGU9ImVzLUVTIiBkYXRhLWd5Zy13aWRnZXQ9ImFjdGl2aXRpZXMiIGRhdGEtZ3lnLW51bWJlci1vZi1pdGVtcz0iMyIgZGF0YS1neWctcGFydG5lci1pZD0iVzFRTEc5SyI+PC9kaXY+[\/vc_raw_html][\/vc_column][\/vc_row]<\/p>\n\n<div style=\"font-size: 0px; height: 0px; line-height: 0px; margin: 0; padding: 0; clear: both;\"><\/div>","protected":false},"excerpt":{"rendered":"<p>[vc_row][vc_column][vc_empty_space height=&#8221;50px&#8221;][vc_single_image image=&#8221;349&#8243; img_size=&#8221;full&#8221;][\/vc_column][\/vc_row][vc_row][vc_column][vc_video link=&#8221;https:\/\/www.youtube.com\/watch?v=xwKACnPb9Ms&#8221; align=&#8221;center&#8221;][vc_single_image image=&#8221;1246&#8243; img_size=&#8221;full&#8221; alignment=&#8221;center&#8221; onclick=&#8221;custom_link&#8221; img_link_target=&#8221;_blank&#8221; link=&#8221;https:\/\/marinalia.es\/deporte-y-aventura\/deportes-acuaticos\/518-alquiler-de-paddle-surf-en-javea.html&#8221;][\/vc_column][\/vc_row][vc_row][vc_column][vc_empty_space height=&#8221;50px&#8221;][\/vc_column][\/vc_row][vc_row][vc_column][vc_single_image image=&#8221;1246&#8243; img_size=&#8221;full&#8221; alignment=&#8221;center&#8221; onclick=&#8221;custom_link&#8221; img_link_target=&#8221;_blank&#8221; link=&#8221;https:\/\/marinalia.es\/deporte-y-aventura\/deportes-acuaticos\/518-alquiler-de-paddle-surf-en-javea.html&#8221;][\/vc_column][\/vc_row][vc_row][vc_column][vc_empty_space height=&#8221;50px&#8221;][vc_single_image image=&#8221;1246&#8243; img_size=&#8221;full&#8221; alignment=&#8221;center&#8221; onclick=&#8221;custom_link&#8221; img_link_target=&#8221;_blank&#8221; link=&#8221;https:\/\/marinalia.es\/deporte-y-aventura\/deportes-acuaticos\/518-alquiler-de-paddle-surf-en-javea.html&#8221;][\/vc_column][\/vc_row][vc_row][vc_column][vc_raw_html]PGRpdiBkYXRhLWd5Zy1ocmVmPSJodHRwczovL3dpZGdldC5nZXR5b3VyZ3VpZGUuY29tL2RlZmF1bHQvYWN0aXZpdGllcy5mcmFtZSIgZGF0YS1neWctbG9jYXRpb24taWQ9IjE4ODcxMyIgZGF0YS1neWctbG9jYWxlLWNvZGU9ImVzLUVTIiBkYXRhLWd5Zy13aWRnZXQ9ImFjdGl2aXRpZXMiIGRhdGEtZ3lnLW51bWJlci1vZi1pdGVtcz0iMyIgZGF0YS1neWctcGFydG5lci1pZD0iVzFRTEc5SyI+PC9kaXY+[\/vc_raw_html][\/vc_column][\/vc_row]<\/p>\n","protected":false},"author":1,"featured_media":0,"parent":968,"menu_order":0,"comment_status":"closed","ping_status":"closed","template":"","meta":{"_joinchat":[],"footnotes":""},"class_list":["post-970","page","type-page","status-publish","hentry","description-off"],"_links":{"self":[{"href":"https:\/\/calagranadella.com\/en\/wp-json\/wp\/v2\/pages\/970","targetHints":{"allow":["GET"]}}],"collection":[{"href":"https:\/\/calagranadella.com\/en\/wp-json\/wp\/v2\/pages"}],"about":[{"href":"https:\/\/calagranadella.com\/en\/wp-json\/wp\/v2\/types\/page"}],"author":[{"embeddable":true,"href":"https:\/\/calagranadella.com\/en\/wp-json\/wp\/v2\/users\/1"}],"replies":[{"embeddable":true,"href":"https:\/\/calagranadella.com\/en\/wp-json\/wp\/v2\/comments?post=970"}],"version-history":[{"count":3,"href":"https:\/\/calagranadella.com\/en\/wp-json\/wp\/v2\/pages\/970\/revisions"}],"predecessor-version":[{"id":1251,"href":"https:\/\/calagranadella.com\/en\/wp-json\/wp\/v2\/pages\/970\/revisions\/1251"}],"up":[{"embeddable":true,"href":"https:\/\/calagranadella.com\/en\/wp-json\/wp\/v2\/pages\/968"}],"wp:attachment":[{"href":"https:\/\/calagranadella.com\/en\/wp-json\/wp\/v2\/media?parent=970"}],"curies":[{"name":"wp","href":"https:\/\/api.w.org\/{rel}","templated":true}]}}