{"id":1162,"date":"2022-07-15T09:36:22","date_gmt":"2022-07-15T07:36:22","guid":{"rendered":"https:\/\/calagranadella.com\/activites\/tuba\/"},"modified":"2024-08-15T11:38:01","modified_gmt":"2024-08-15T09:38:01","slug":"tuba","status":"publish","type":"page","link":"https:\/\/calagranadella.com\/fr\/activites\/tuba\/","title":{"rendered":"Tuba"},"content":{"rendered":"<p>[vc_row][vc_column]<div id=\"ultimate-heading-352969fbb1d92cba5\" class=\"uvc-heading ult-adjust-bottom-margin ultimate-heading-352969fbb1d92cba5 uvc-9954 \" data-hspacer=\"no_spacer\"  data-halign=\"left\" style=\"text-align:left\"><div class=\"uvc-heading-spacer no_spacer\" style=\"top\"><\/div><div class=\"uvc-sub-heading ult-responsive\"  data-ultimate-target='.uvc-heading.ultimate-heading-352969fbb1d92cba5 .uvc-sub-heading '  data-responsive-json-new='{\"font-size\":\"\",\"line-height\":\"\"}'  style=\"font-weight:normal;\"><\/p>\n<p style=\"text-align: justify;\"><span style=\"font-weight: 400;\">La Cala Granadella est sans aucun doute l&rsquo;une des destinations touristiques les plus populaires pour le snorkeling et ce n&rsquo;est pas une co\u00efncidence, car ses eaux cristallines et sa c\u00f4te sauvage font de cette plage de J\u00e1vea un lieu de p\u00e8lerinage pour tous les amateurs de snorkeling.<\/span><\/p>\n<p><\/div><\/div>[vc_video link=\u00a0\u00bbhttps:\/\/www.youtube.com\/watch?v=4qpLBes7EFM&amp;t=92s\u00a0\u00bb align=\u00a0\u00bbcenter\u00a0\u00bb][vc_empty_space height=\u00a0\u00bb50px\u00a0\u00bb][\/vc_column][\/vc_row][vc_row][vc_column]<div id=\"ultimate-heading-294669fbb1d92cc3f\" class=\"uvc-heading ult-adjust-bottom-margin ultimate-heading-294669fbb1d92cc3f uvc-1993 \" data-hspacer=\"no_spacer\"  data-halign=\"left\" style=\"text-align:left\"><div class=\"uvc-heading-spacer no_spacer\" style=\"top\"><\/div><div class=\"uvc-main-heading ult-responsive\"  data-ultimate-target='.uvc-heading.ultimate-heading-294669fbb1d92cc3f h2'  data-responsive-json-new='{\"font-size\":\"\",\"line-height\":\"\"}' ><h2 style=\"font-weight:normal;\">O\u00f9 faire du snorkeling \u00e0 Granadella Cove ?<\/h2><\/div><div class=\"uvc-sub-heading ult-responsive\"  data-ultimate-target='.uvc-heading.ultimate-heading-294669fbb1d92cc3f .uvc-sub-heading '  data-responsive-json-new='{\"font-size\":\"\",\"line-height\":\"\"}'  style=\"font-weight:normal;\"><\/p>\n<p style=\"text-align: justify;\"><span style=\"font-weight: 400;\">En r\u00e9alit\u00e9, tous les coins de la Cala Granadella sont propices au snorkeling, car \u00e0 quelques m\u00e8tres du rivage et en enfilant simplement vos lunettes et votre tuba (ou votre masque si vous faites partie de la nouvelle g\u00e9n\u00e9ration de snorkelers), vous pourrez admirer une infinit\u00e9 de poissons et de flore marine C&rsquo;est l&rsquo;une des zones les plus visit\u00e9es par les plongeurs professionnels, ce qui nous renseigne sur le type de zone marine qu&rsquo;offre la crique de la Granadella. Par cons\u00e9quent, si vous envisagez de vous rendre \u00e0 Cala Granadella pour faire du snorkeling, la zone de la cala en cal\u00f3, ou la grotte du loup de mer, est la meilleure zone.<\/span><\/p>\n<p style=\"text-align: justify;\"><span style=\"font-weight: 400;\">La meilleure option pour faire du snorkeling dans des zones paradisiaques est sans aucun doute de faire du kayak dans la Cala en Cal\u00f3 et la Cova del Llop Mari.<\/span><\/p>\n<p><\/div><\/div>[vc_single_image image=\u00a0\u00bb1221&Prime; img_size=\u00a0\u00bbfull\u00a0\u00bb alignment=\u00a0\u00bbcenter\u00a0\u00bb onclick=\u00a0\u00bbcustom_link\u00a0\u00bb img_link_target=\u00a0\u00bb_blank\u00a0\u00bb link=\u00a0\u00bbhttps:\/\/marinalia.es\/deporte-y-aventura\/deportes-acuaticos\/buceo-y-snorkel\/998-speed-tour-cala-granadella-javea.html\u00a0\u00bb][vc_empty_space][\/vc_column][\/vc_row][vc_row][vc_column]<div id=\"ultimate-heading-709569fbb1d92ccac\" class=\"uvc-heading ult-adjust-bottom-margin ultimate-heading-709569fbb1d92ccac uvc-1522 \" data-hspacer=\"no_spacer\"  data-halign=\"left\" style=\"text-align:left\"><div class=\"uvc-heading-spacer no_spacer\" style=\"top\"><\/div><div class=\"uvc-main-heading ult-responsive\"  data-ultimate-target='.uvc-heading.ultimate-heading-709569fbb1d92ccac h2'  data-responsive-json-new='{\"font-size\":\"\",\"line-height\":\"\"}' ><h2 style=\"font-weight:normal;\">De quoi ai-je besoin pour faire du snorkeling \u00e0 Granadella ?<\/h2><\/div><div class=\"uvc-sub-heading ult-responsive\"  data-ultimate-target='.uvc-heading.ultimate-heading-709569fbb1d92ccac .uvc-sub-heading '  data-responsive-json-new='{\"font-size\":\"\",\"line-height\":\"\"}'  style=\"font-weight:normal;\"><\/p>\n<p style=\"text-align: justify;\"><span style=\"font-weight: 400;\">Si vous vous rendez seul \u00e0 la crique de la Granadella pour faire de la plong\u00e9e avec tuba, vous aurez besoin d&rsquo;un masque de plong\u00e9e ou d&rsquo;un masque et de lunettes pour profiter au maximum de votre exp\u00e9rience de plong\u00e9e avec tuba \u00e0 J\u00e1vea. En revanche, si vous r\u00e9servez l&rsquo;excursion kayak + snorkeling \u00e0 Granadella, vous n&rsquo;aurez rien \u00e0 apporter, car le moniteur vous fournira tout l&rsquo;\u00e9quipement n\u00e9cessaire.<\/span><\/p>\n<p><\/div><\/div>[\/vc_column][\/vc_row][vc_row][vc_column][vc_empty_space height=\u00a0\u00bb50px\u00a0\u00bb]<div id=\"ultimate-heading-623169fbb1d92cd0d\" class=\"uvc-heading ult-adjust-bottom-margin ultimate-heading-623169fbb1d92cd0d uvc-3667 \" data-hspacer=\"no_spacer\"  data-halign=\"left\" style=\"text-align:left\"><div class=\"uvc-heading-spacer no_spacer\" style=\"top\"><\/div><div class=\"uvc-main-heading ult-responsive\"  data-ultimate-target='.uvc-heading.ultimate-heading-623169fbb1d92cd0d h2'  data-responsive-json-new='{\"font-size\":\"\",\"line-height\":\"\"}' ><h2 style=\"font-weight:normal;\">Les enfants peuvent-ils faire de la plong\u00e9e avec tuba \u00e0 Granadella Cove ?<\/h2><\/div><div class=\"uvc-sub-heading ult-responsive\"  data-ultimate-target='.uvc-heading.ultimate-heading-623169fbb1d92cd0d .uvc-sub-heading '  data-responsive-json-new='{\"font-size\":\"\",\"line-height\":\"\"}'  style=\"font-weight:normal;\"><\/p>\n<p style=\"text-align: justify;\"><span style=\"font-weight: 400;\">Oui, bien s\u00fbr. Les plus jeunes pourront sans probl\u00e8me faire de la plong\u00e9e avec masque et tuba dans la crique de la Granadella. En fait, nous vous recommandons, si vous partez avec des enfants en bas \u00e2ge, de faire l&rsquo;excursion avec un professionnel qui conna\u00eet parfaitement la r\u00e9gion de la Granadella et qui poss\u00e8de les connaissances n\u00e9cessaires pour pouvoir faire du snorkeling. <\/span><\/p>\n<p style=\"text-align: justify;\"><span style=\"font-weight: 400;\">Si, par contre, vous ne savez pas si votre enfant ne pourra pas tenir les 2 heures et demie de l&rsquo;activit\u00e9 et que vous pr\u00e9f\u00e9rez faire du snorkeling seul dans la crique Granadella, nous vous recommandons de faire du snorkeling dans la zone lat\u00e9rale de la crique Granadella, dans la partie orientale de la crique.<\/span><\/p>\n<p><\/div><\/div>[vc_single_image image=\u00a0\u00bb1221&Prime; img_size=\u00a0\u00bbfull\u00a0\u00bb alignment=\u00a0\u00bbcenter\u00a0\u00bb onclick=\u00a0\u00bbcustom_link\u00a0\u00bb img_link_target=\u00a0\u00bb_blank\u00a0\u00bb link=\u00a0\u00bbhttps:\/\/marinalia.es\/deporte-y-aventura\/deportes-acuaticos\/buceo-y-snorkel\/998-speed-tour-cala-granadella-javea.html\u00a0\u00bb][vc_empty_space height=\u00a0\u00bb50px\u00a0\u00bb][\/vc_column][\/vc_row][vc_row][vc_column]<div id=\"ultimate-heading-682769fbb1d92cd6d\" class=\"uvc-heading ult-adjust-bottom-margin ultimate-heading-682769fbb1d92cd6d uvc-6008 \" data-hspacer=\"no_spacer\"  data-halign=\"left\" style=\"text-align:left\"><div class=\"uvc-heading-spacer no_spacer\" style=\"top\"><\/div><div class=\"uvc-main-heading ult-responsive\"  data-ultimate-target='.uvc-heading.ultimate-heading-682769fbb1d92cd6d h3'  data-responsive-json-new='{\"font-size\":\"\",\"line-height\":\"\"}' ><h3 style=\"font-weight:normal;\">Dur\u00e9e de l&apos;activit\u00e9 de plong\u00e9e en apn\u00e9e \u00e0 Granadella Cove<\/h3><\/div><div class=\"uvc-sub-heading ult-responsive\"  data-ultimate-target='.uvc-heading.ultimate-heading-682769fbb1d92cd6d .uvc-sub-heading '  data-responsive-json-new='{\"font-size\":\"\",\"line-height\":\"\"}'  style=\"font-weight:normal;\"><\/p>\n<p style=\"text-align: justify;\"><span style=\"font-weight: 400;\">La dur\u00e9e totale de l&rsquo;excursion en kayak et en plong\u00e9e libre est d&rsquo;environ 2 heures et 30 minutes. Toutefois, si vous souhaitez faire du snorkeling dans la crique Granadella par vous-m\u00eame, vous pouvez le faire aussi longtemps que vous le souhaitez. Il n&rsquo;y a pas de limite et Granadella Cove vous donnera tout le temps n\u00e9cessaire pour profiter de la plong\u00e9e avec masque et tuba ou de la plong\u00e9e sous-marine \u00e0 Granadella.<\/span><\/p>\n<p><\/div><\/div>[vc_empty_space height=\u00a0\u00bb50px\u00a0\u00bb][vc_single_image image=\u00a0\u00bb1221&Prime; img_size=\u00a0\u00bbfull\u00a0\u00bb alignment=\u00a0\u00bbcenter\u00a0\u00bb onclick=\u00a0\u00bbcustom_link\u00a0\u00bb img_link_target=\u00a0\u00bb_blank\u00a0\u00bb link=\u00a0\u00bbhttps:\/\/marinalia.es\/deporte-y-aventura\/deportes-acuaticos\/buceo-y-snorkel\/998-speed-tour-cala-granadella-javea.html\u00a0\u00bb][\/vc_column][\/vc_row]<\/p>\n\n<div style=\"font-size: 0px; height: 0px; line-height: 0px; margin: 0; padding: 0; clear: both;\"><\/div>","protected":false},"excerpt":{"rendered":"<p>[vc_row][vc_column][vc_video link=\u00a0\u00bbhttps:\/\/www.youtube.com\/watch?v=4qpLBes7EFM&amp;t=92s\u00a0\u00bb align=\u00a0\u00bbcenter\u00a0\u00bb][vc_empty_space height=\u00a0\u00bb50px\u00a0\u00bb][\/vc_column][\/vc_row][vc_row][vc_column][vc_single_image image=\u00a0\u00bb1221&Prime; img_size=\u00a0\u00bbfull\u00a0\u00bb alignment=\u00a0\u00bbcenter\u00a0\u00bb onclick=\u00a0\u00bbcustom_link\u00a0\u00bb img_link_target=\u00a0\u00bb_blank\u00a0\u00bb link=\u00a0\u00bbhttps:\/\/marinalia.es\/deporte-y-aventura\/deportes-acuaticos\/buceo-y-snorkel\/998-speed-tour-cala-granadella-javea.html\u00a0\u00bb][vc_empty_space][\/vc_column][\/vc_row][vc_row][vc_column][\/vc_column][\/vc_row][vc_row][vc_column][vc_empty_space height=\u00a0\u00bb50px\u00a0\u00bb][vc_single_image image=\u00a0\u00bb1221&Prime; img_size=\u00a0\u00bbfull\u00a0\u00bb alignment=\u00a0\u00bbcenter\u00a0\u00bb onclick=\u00a0\u00bbcustom_link\u00a0\u00bb img_link_target=\u00a0\u00bb_blank\u00a0\u00bb link=\u00a0\u00bbhttps:\/\/marinalia.es\/deporte-y-aventura\/deportes-acuaticos\/buceo-y-snorkel\/998-speed-tour-cala-granadella-javea.html\u00a0\u00bb][vc_empty_space height=\u00a0\u00bb50px\u00a0\u00bb][\/vc_column][\/vc_row][vc_row][vc_column][vc_empty_space height=\u00a0\u00bb50px\u00a0\u00bb][vc_single_image image=\u00a0\u00bb1221&Prime; img_size=\u00a0\u00bbfull\u00a0\u00bb alignment=\u00a0\u00bbcenter\u00a0\u00bb onclick=\u00a0\u00bbcustom_link\u00a0\u00bb img_link_target=\u00a0\u00bb_blank\u00a0\u00bb link=\u00a0\u00bbhttps:\/\/marinalia.es\/deporte-y-aventura\/deportes-acuaticos\/buceo-y-snorkel\/998-speed-tour-cala-granadella-javea.html\u00a0\u00bb][\/vc_column][\/vc_row]<\/p>\n","protected":false},"author":1,"featured_media":800,"parent":1154,"menu_order":0,"comment_status":"closed","ping_status":"closed","template":"","meta":{"_joinchat":[],"footnotes":""},"class_list":["post-1162","page","type-page","status-publish","has-post-thumbnail","hentry","description-off"],"_links":{"self":[{"href":"https:\/\/calagranadella.com\/fr\/wp-json\/wp\/v2\/pages\/1162","targetHints":{"allow":["GET"]}}],"collection":[{"href":"https:\/\/calagranadella.com\/fr\/wp-json\/wp\/v2\/pages"}],"about":[{"href":"https:\/\/calagranadella.com\/fr\/wp-json\/wp\/v2\/types\/page"}],"author":[{"embeddable":true,"href":"https:\/\/calagranadella.com\/fr\/wp-json\/wp\/v2\/users\/1"}],"replies":[{"embeddable":true,"href":"https:\/\/calagranadella.com\/fr\/wp-json\/wp\/v2\/comments?post=1162"}],"version-history":[{"count":6,"href":"https:\/\/calagranadella.com\/fr\/wp-json\/wp\/v2\/pages\/1162\/revisions"}],"predecessor-version":[{"id":1306,"href":"https:\/\/calagranadella.com\/fr\/wp-json\/wp\/v2\/pages\/1162\/revisions\/1306"}],"up":[{"embeddable":true,"href":"https:\/\/calagranadella.com\/fr\/wp-json\/wp\/v2\/pages\/1154"}],"wp:featuredmedia":[{"embeddable":true,"href":"https:\/\/calagranadella.com\/fr\/wp-json\/wp\/v2\/media\/800"}],"wp:attachment":[{"href":"https:\/\/calagranadella.com\/fr\/wp-json\/wp\/v2\/media?parent=1162"}],"curies":[{"name":"wp","href":"https:\/\/api.w.org\/{rel}","templated":true}]}}