{"id":1287,"date":"2022-07-29T13:04:57","date_gmt":"2022-07-29T11:04:57","guid":{"rendered":"https:\/\/calagranadella.com\/temps\/"},"modified":"2024-08-09T17:21:03","modified_gmt":"2024-08-09T15:21:03","slug":"temps","status":"publish","type":"page","link":"https:\/\/calagranadella.com\/fr\/temps\/","title":{"rendered":"M\u00e9t\u00e9o \u00e0 Granadella Cove"},"content":{"rendered":"<p>[vc_row][vc_column][vc_raw_html]PGlmcmFtZSBzcmM9Imh0dHBzOi8vd2lzdWtpLmNvbS93aWRnZXQtZGV0YWlscz9zcG90PTg4NjEmYW1wO2xhbmc9ZXMmYW1wO3Nwb3RpbmZvPTEiIHN0eWxlPSJib3JkZXI6IDA7IHdpZHRoOiAxMDAlOyBoZWlnaHQ6IDUzMHB4OyIgZnJhbWVib3JkZXI9IjAiPjwvaWZyYW1lPg==[\/vc_raw_html][\/vc_column][\/vc_row][vc_row][vc_column][vc_empty_space height=\u00a0\u00bb100px\u00a0\u00bb][\/vc_column][\/vc_row]<\/p>\n\n<div style=\"font-size: 0px; height: 0px; line-height: 0px; margin: 0; padding: 0; clear: both;\"><\/div>","protected":false},"excerpt":{"rendered":"<p>[vc_row][vc_column][vc_raw_html]PGlmcmFtZSBzcmM9Imh0dHBzOi8vd2lzdWtpLmNvbS93aWRnZXQtZGV0YWlscz9zcG90PTg4NjEmYW1wO2xhbmc9ZXMmYW1wO3Nwb3RpbmZvPTEiIHN0eWxlPSJib3JkZXI6IDA7IHdpZHRoOiAxMDAlOyBoZWlnaHQ6IDUzMHB4OyIgZnJhbWVib3JkZXI9IjAiPjwvaWZyYW1lPg==[\/vc_raw_html][\/vc_column][\/vc_row][vc_row][vc_column][vc_empty_space height=\u00a0\u00bb100px\u00a0\u00bb][\/vc_column][\/vc_row]<\/p>\n","protected":false},"author":1,"featured_media":0,"parent":0,"menu_order":0,"comment_status":"closed","ping_status":"closed","template":"","meta":{"_joinchat":[],"footnotes":""},"class_list":["post-1287","page","type-page","status-publish","hentry","description-off"],"_links":{"self":[{"href":"https:\/\/calagranadella.com\/fr\/wp-json\/wp\/v2\/pages\/1287","targetHints":{"allow":["GET"]}}],"collection":[{"href":"https:\/\/calagranadella.com\/fr\/wp-json\/wp\/v2\/pages"}],"about":[{"href":"https:\/\/calagranadella.com\/fr\/wp-json\/wp\/v2\/types\/page"}],"author":[{"embeddable":true,"href":"https:\/\/calagranadella.com\/fr\/wp-json\/wp\/v2\/users\/1"}],"replies":[{"embeddable":true,"href":"https:\/\/calagranadella.com\/fr\/wp-json\/wp\/v2\/comments?post=1287"}],"version-history":[{"count":2,"href":"https:\/\/calagranadella.com\/fr\/wp-json\/wp\/v2\/pages\/1287\/revisions"}],"predecessor-version":[{"id":1289,"href":"https:\/\/calagranadella.com\/fr\/wp-json\/wp\/v2\/pages\/1287\/revisions\/1289"}],"wp:attachment":[{"href":"https:\/\/calagranadella.com\/fr\/wp-json\/wp\/v2\/media?parent=1287"}],"curies":[{"name":"wp","href":"https:\/\/api.w.org\/{rel}","templated":true}]}}