{"id":1115,"date":"2022-07-28T14:50:40","date_gmt":"2022-07-28T12:50:40","guid":{"rendered":"https:\/\/calagranadella.com\/how-to\/"},"modified":"2024-07-12T16:55:40","modified_gmt":"2024-07-12T14:55:40","slug":"how-to","status":"publish","type":"page","link":"https:\/\/calagranadella.com\/nl\/how-to\/","title":{"rendered":"Hoe er te komen"},"content":{"rendered":"<p>[vc_row][vc_column]<div id=\"ultimate-heading-89966a074f6234370\" class=\"uvc-heading ult-adjust-bottom-margin ultimate-heading-89966a074f6234370 uvc-8357 \" data-hspacer=\"no_spacer\"  data-halign=\"center\" style=\"text-align:center\"><div class=\"uvc-heading-spacer no_spacer\" style=\"top\"><\/div><div class=\"uvc-sub-heading ult-responsive\"  data-ultimate-target='.uvc-heading.ultimate-heading-89966a074f6234370 .uvc-sub-heading '  data-responsive-json-new='{\"font-size\":\"\",\"line-height\":\"\"}'  style=\"font-weight:normal;\"><\/p>\n<p style=\"text-align: justify;\"><span style=\"font-weight: 400;\">Cala Granadella ligt op ongeveer 10 kilometer van J\u00e1vea. Dit is de meest zuidelijke baai van de kustplaats J\u00e1vea (X\u00e1bia). Het is ook de beroemdste baai in de omgeving en dat alleen al rechtvaardigt de reis. Tegen de tijd dat je er bent, zul je denken dat het de moeite waard was om erheen te gaan.<\/span><\/p>\n<p style=\"text-align: justify;\"><span style=\"font-weight: 400;\">Je moet er rekening mee houden dat je Granadella Cove kunt bereiken met de auto, taxi of huurauto, want er is geen openbaar vervoer naar Granadella Beach.<\/span><\/p>\n<p><\/div><\/div>[vc_empty_space height=&#8221;50px&#8221;]<div id=\"ultimate-heading-46606a074f623446e\" class=\"uvc-heading ult-adjust-bottom-margin ultimate-heading-46606a074f623446e uvc-185 \" data-hspacer=\"no_spacer\"  data-halign=\"left\" style=\"text-align:left\"><div class=\"uvc-heading-spacer no_spacer\" style=\"top\"><\/div><div class=\"uvc-main-heading ult-responsive\"  data-ultimate-target='.uvc-heading.ultimate-heading-46606a074f623446e h2'  data-responsive-json-new='{\"font-size\":\"desktop:34px;\",\"line-height\":\"\"}' ><h2 style=\"font-weight:normal;\">Hoe kom ik met de auto bij Granadella Cove?<\/h2><\/div><div class=\"uvc-sub-heading ult-responsive\"  data-ultimate-target='.uvc-heading.ultimate-heading-46606a074f623446e .uvc-sub-heading '  data-responsive-json-new='{\"font-size\":\"\",\"line-height\":\"\"}'  style=\"font-weight:normal;\"><\/p>\n<p style=\"text-align: justify;\"><span style=\"font-weight: 400;\">Om bij Granadella Cove te komen moet je de weg naar Cabo de la Nao nemen en bij het kruispunt komen waar je Granadella Cove aan de rechterkant ziet en dan de Granadella weg nemen.<\/span><\/p>\n<p><\/div><\/div>[vc_single_image image=&#8221;375&#8243; img_size=&#8221;full&#8221; alignment=&#8221;center&#8221;][\/vc_column][\/vc_row][vc_row][vc_column]<div id=\"ultimate-heading-91296a074f6234603\" class=\"uvc-heading ult-adjust-bottom-margin ultimate-heading-91296a074f6234603 uvc-6301 \" data-hspacer=\"no_spacer\"  data-halign=\"left\" style=\"text-align:left\"><div class=\"uvc-heading-spacer no_spacer\" style=\"top\"><\/div><div class=\"uvc-sub-heading ult-responsive\"  data-ultimate-target='.uvc-heading.ultimate-heading-91296a074f6234603 .uvc-sub-heading '  data-responsive-json-new='{\"font-size\":\"\",\"line-height\":\"\"}'  style=\"font-weight:normal;\"><span style=\"font-weight: 400;\">Na ongeveer 2-3 kilometer bereik je het begin van de afdaling naar Cala Granadella. Als je er in het hoogseizoen heen gaat, zul je het controlepunt vinden om Cala Granadella binnen te gaan, als je het strand van J\u00e1vea in de rest van het jaar bezoekt, zul je zonder problemen naar beneden kunnen.<\/span><\/p>\n<p><\/div><\/div>[vc_single_image image=&#8221;376&#8243; img_size=&#8221;full&#8221; alignment=&#8221;center&#8221;]<div id=\"ultimate-heading-38556a074f62346b9\" class=\"uvc-heading ult-adjust-bottom-margin ultimate-heading-38556a074f62346b9 uvc-4059 \" data-hspacer=\"no_spacer\"  data-halign=\"center\" style=\"text-align:center\"><div class=\"uvc-heading-spacer no_spacer\" style=\"top\"><\/div><div class=\"uvc-sub-heading ult-responsive\"  data-ultimate-target='.uvc-heading.ultimate-heading-38556a074f62346b9 .uvc-sub-heading '  data-responsive-json-new='{\"font-size\":\"\",\"line-height\":\"\"}'  style=\"font-weight:normal;\"><\/p>\n<p style=\"text-align: justify;\"><span style=\"font-weight: 400;\">Dezelfde weg brengt je naar de baai van Granadella zonder te verdwalen. Je kunt echter ook onze sectie op de website bezoeken waar we vertellen waar je <\/span><a href=\"https:\/\/calagranadella.com\/como-llegar\/parking\/\"><span style=\"font-weight: 400;\">parkeren in La Cala<\/span><\/a><span style=\"font-weight: 400;\">. We vertellen je over de 3 punten waar je zonder problemen je auto kunt parkeren in Cala Granadella.<\/span><\/p>\n<p><\/div><\/div>[vc_empty_space height=&#8221;50px&#8221;]<div id=\"ultimate-heading-49826a074f623475a\" class=\"uvc-heading ult-adjust-bottom-margin ultimate-heading-49826a074f623475a uvc-496 \" data-hspacer=\"no_spacer\"  data-halign=\"left\" style=\"text-align:left\"><div class=\"uvc-heading-spacer no_spacer\" style=\"top\"><\/div><div class=\"uvc-main-heading ult-responsive\"  data-ultimate-target='.uvc-heading.ultimate-heading-49826a074f623475a h2'  data-responsive-json-new='{\"font-size\":\"desktop:34px;\",\"line-height\":\"\"}' ><h2 style=\"font-weight:normal;\">Granadella Grot kaart<\/h2><\/div><\/div>[vc_empty_space][vc_single_image image=&#8221;377&#8243; img_size=&#8221;full&#8221; add_caption=&#8221;yes&#8221; alignment=&#8221;center&#8221;][\/vc_column][\/vc_row][vc_row][vc_column]<div id=\"ultimate-heading-35166a074f62347f1\" class=\"uvc-heading ult-adjust-bottom-margin ultimate-heading-35166a074f62347f1 uvc-4890 \" data-hspacer=\"no_spacer\"  data-halign=\"center\" style=\"text-align:center\"><div class=\"uvc-heading-spacer no_spacer\" style=\"top\"><\/div><div class=\"uvc-main-heading ult-responsive\"  data-ultimate-target='.uvc-heading.ultimate-heading-35166a074f62347f1 h2'  data-responsive-json-new='{\"font-size\":\"\",\"line-height\":\"\"}' ><h2 style=\"font-weight:normal;margin-bottom:10px;\">Activiteiten in Granadella<\/h2><\/div><\/div>[\/vc_column][\/vc_row][vc_row][vc_column width=&#8221;1\/3&#8243;][vc_single_image image=&#8221;661&#8243; img_size=&#8221;full&#8221; alignment=&#8221;center&#8221; onclick=&#8221;custom_link&#8221; link=&#8221;https:\/\/marinalia.es\/deporte-y-aventura\/excursiones-en-el-mar\/excursiones-en-barco\/639-excursion-barco-javea-a-los-3-cabos.html&#8221;][vc_single_image image=&#8221;659&#8243; img_size=&#8221;full&#8221; alignment=&#8221;center&#8221; onclick=&#8221;custom_link&#8221; link=&#8221;https:\/\/marinalia.es\/deporte-y-aventura\/deportes-acuaticos\/518-alquiler-de-paddle-surf-en-javea.html&#8221;][\/vc_column][vc_column width=&#8221;1\/3&#8243;][vc_single_image image=&#8221;655&#8243; img_size=&#8221;full&#8221; alignment=&#8221;center&#8221; onclick=&#8221;custom_link&#8221; link=&#8221;https:\/\/marinalia.es\/deporte-y-aventura\/excursiones-en-el-mar\/atardecer-barco\/647-puesta-de-sol-barco-javea.html&#8221;][vc_single_image image=&#8221;667&#8243; img_size=&#8221;full&#8221; alignment=&#8221;center&#8221; onclick=&#8221;custom_link&#8221; link=&#8221;https:\/\/marinalia.es\/deporte-y-aventura\/deportes-acuaticos\/buceo-y-snorkel\/14-excursion-en-barco-al-cabo-la-nao-y-snorkeling.html&#8221;][\/vc_column][vc_column width=&#8221;1\/3&#8243;][vc_single_image image=&#8221;656&#8243; img_size=&#8221;full&#8221; alignment=&#8221;center&#8221; onclick=&#8221;custom_link&#8221; link=&#8221;https:\/\/marinalia.es\/deporte-y-aventura\/deportes-acuaticos\/buceo-y-snorkel\/640-paseo-catamaran-javea.html&#8221;][vc_single_image image=&#8221;654&#8243; img_size=&#8221;full&#8221; alignment=&#8221;center&#8221; onclick=&#8221;custom_link&#8221; link=&#8221;https:\/\/marinalia.es\/deporte-y-aventura\/excursiones-en-el-mar\/excursiones-en-kayak\/1144-excursion-kayak-cala-tango-javea.html&#8221;][\/vc_column][\/vc_row]<\/p>\n\n<div style=\"font-size: 0px; height: 0px; line-height: 0px; margin: 0; padding: 0; clear: both;\"><\/div>","protected":false},"excerpt":{"rendered":"<p>[vc_row][vc_column][vc_empty_space height=&#8221;50px&#8221;][vc_single_image image=&#8221;375&#8243; img_size=&#8221;full&#8221; alignment=&#8221;center&#8221;][\/vc_column][\/vc_row][vc_row][vc_column][vc_single_image image=&#8221;376&#8243; img_size=&#8221;full&#8221; alignment=&#8221;center&#8221;][vc_empty_space height=&#8221;50px&#8221;][vc_empty_space][vc_single_image image=&#8221;377&#8243; img_size=&#8221;full&#8221; add_caption=&#8221;yes&#8221; alignment=&#8221;center&#8221;][\/vc_column][\/vc_row][vc_row][vc_column][\/vc_column][\/vc_row][vc_row][vc_column width=&#8221;1\/3&#8243;][vc_single_image image=&#8221;661&#8243; img_size=&#8221;full&#8221; alignment=&#8221;center&#8221; onclick=&#8221;custom_link&#8221; link=&#8221;https:\/\/marinalia.es\/deporte-y-aventura\/excursiones-en-el-mar\/excursiones-en-barco\/639-excursion-barco-javea-a-los-3-cabos.html&#8221;][vc_single_image image=&#8221;659&#8243; img_size=&#8221;full&#8221; alignment=&#8221;center&#8221; onclick=&#8221;custom_link&#8221; link=&#8221;https:\/\/marinalia.es\/deporte-y-aventura\/deportes-acuaticos\/518-alquiler-de-paddle-surf-en-javea.html&#8221;][\/vc_column][vc_column width=&#8221;1\/3&#8243;][vc_single_image image=&#8221;655&#8243; img_size=&#8221;full&#8221; alignment=&#8221;center&#8221; onclick=&#8221;custom_link&#8221; link=&#8221;https:\/\/marinalia.es\/deporte-y-aventura\/excursiones-en-el-mar\/atardecer-barco\/647-puesta-de-sol-barco-javea.html&#8221;][vc_single_image image=&#8221;667&#8243; img_size=&#8221;full&#8221; alignment=&#8221;center&#8221; onclick=&#8221;custom_link&#8221; link=&#8221;https:\/\/marinalia.es\/deporte-y-aventura\/deportes-acuaticos\/buceo-y-snorkel\/14-excursion-en-barco-al-cabo-la-nao-y-snorkeling.html&#8221;][\/vc_column][vc_column width=&#8221;1\/3&#8243;][vc_single_image image=&#8221;656&#8243; img_size=&#8221;full&#8221; alignment=&#8221;center&#8221; onclick=&#8221;custom_link&#8221; link=&#8221;https:\/\/marinalia.es\/deporte-y-aventura\/deportes-acuaticos\/buceo-y-snorkel\/640-paseo-catamaran-javea.html&#8221;][vc_single_image image=&#8221;654&#8243; img_size=&#8221;full&#8221; alignment=&#8221;center&#8221; onclick=&#8221;custom_link&#8221; link=&#8221;https:\/\/marinalia.es\/deporte-y-aventura\/excursiones-en-el-mar\/excursiones-en-kayak\/1144-excursion-kayak-cala-tango-javea.html&#8221;][\/vc_column][\/vc_row]<\/p>\n","protected":false},"author":1,"featured_media":0,"parent":0,"menu_order":0,"comment_status":"closed","ping_status":"closed","template":"","meta":{"_joinchat":[],"footnotes":""},"class_list":["post-1115","page","type-page","status-publish","hentry","description-off"],"_links":{"self":[{"href":"https:\/\/calagranadella.com\/nl\/wp-json\/wp\/v2\/pages\/1115","targetHints":{"allow":["GET"]}}],"collection":[{"href":"https:\/\/calagranadella.com\/nl\/wp-json\/wp\/v2\/pages"}],"about":[{"href":"https:\/\/calagranadella.com\/nl\/wp-json\/wp\/v2\/types\/page"}],"author":[{"embeddable":true,"href":"https:\/\/calagranadella.com\/nl\/wp-json\/wp\/v2\/users\/1"}],"replies":[{"embeddable":true,"href":"https:\/\/calagranadella.com\/nl\/wp-json\/wp\/v2\/comments?post=1115"}],"version-history":[{"count":2,"href":"https:\/\/calagranadella.com\/nl\/wp-json\/wp\/v2\/pages\/1115\/revisions"}],"predecessor-version":[{"id":1117,"href":"https:\/\/calagranadella.com\/nl\/wp-json\/wp\/v2\/pages\/1115\/revisions\/1117"}],"wp:attachment":[{"href":"https:\/\/calagranadella.com\/nl\/wp-json\/wp\/v2\/media?parent=1115"}],"curies":[{"name":"wp","href":"https:\/\/api.w.org\/{rel}","templated":true}]}}